{"id":17705,"date":"2018-07-13T05:57:40","date_gmt":"2018-07-13T05:57:40","guid":{"rendered":"https:\/\/www.disdoor.es\/productos\/puertas-y-divisiones-plegables\/serie-vinilo\/"},"modified":"2021-03-30T16:15:29","modified_gmt":"2021-03-30T16:15:29","slug":"serie-vinilo","status":"publish","type":"page","link":"https:\/\/www.disdoor.es\/fr\/productos\/puertas-y-divisiones-plegables\/serie-vinilo\/","title":{"rendered":"S\u00e9rie vinyle"},"content":{"rendered":"<p>[vc_row row_type=&#8221;row&#8221; use_row_as_full_screen_section=&#8221;no&#8221; type=&#8221;grid&#8221; angled_section=&#8221;no&#8221; text_align=&#8221;center&#8221; background_image_as_pattern=&#8221;without_pattern&#8221; padding_bottom=&#8221;47&#8243; css_animation=&#8221;&#8221;][vc_column][vc_column_text]<\/p>\n<h2 style=\"text-align: center;\">S\u00e9rie vinyle<\/h2>\n<p>[\/vc_column_text][vc_separator type=&#8221;small&#8221; position=&#8221;center&#8221; color=&#8221;#f18827&#8243; thickness=&#8221;6&#8243; width=&#8221;52&#8243; up=&#8221;12&#8243; down=&#8221;20&#8243;][\/vc_column][\/vc_row][vc_row row_type=&#8221;row&#8221; use_row_as_full_screen_section=&#8221;no&#8221; type=&#8221;full_width&#8221; angled_section=&#8221;no&#8221; text_align=&#8221;left&#8221; background_image_as_pattern=&#8221;without_pattern&#8221; css_animation=&#8221;&#8221;][vc_column][vc_gallery type=&#8221;flexslider_slide&#8221; interval=&#8221;3&#8243; images=&#8221;16647,17729,17730,17734,17731,17733,17732&#8243; img_size=&#8221;full&#8221; onclick=&#8221;&#8221; enable_drag=&#8221;yes&#8221;][\/vc_column][\/vc_row][vc_row row_type=&#8221;row&#8221; use_row_as_full_screen_section=&#8221;no&#8221; type=&#8221;full_width&#8221; angled_section=&#8221;no&#8221; text_align=&#8221;left&#8221; background_image_as_pattern=&#8221;without_pattern&#8221; css_animation=&#8221;&#8221;][vc_column][vc_column_text]<\/p>\n<p style=\"text-align: center;\">Lames de 112 mm extrud\u00e9es en r\u00e9sines vinyliques. Imprim\u00e9es en rotogravure.<\/p>\n<p>[\/vc_column_text][vc_empty_space height=&#8221;40px&#8221;][\/vc_column][\/vc_row][vc_row row_type=&#8221;row&#8221; use_row_as_full_screen_section=&#8221;no&#8221; type=&#8221;full_width&#8221; angled_section=&#8221;no&#8221; text_align=&#8221;left&#8221; background_image_as_pattern=&#8221;without_pattern&#8221; css_animation=&#8221;&#8221;][vc_column width=&#8221;1\/4&#8243;][\/vc_column][vc_column width=&#8221;1\/4&#8243;][vc_column_text]<\/p>\n<h3>Mod\u00e8le Bern<\/h3>\n<p>[\/vc_column_text][vc_separator type=&#8221;normal&#8221; color=&#8221;#f18827&#8243;][vc_empty_space height=&#8221;20px&#8221;][vc_single_image image=&#8221;17721&#8243; img_size=&#8221;large&#8221; alignment=&#8221;center&#8221; qode_css_animation=&#8221;&#8221;][vc_empty_space height=&#8221;20px&#8221;][vc_column_text]Lames lisses, articul\u00e9es avec des profil\u00e9s en GEON co-extrud\u00e9s.<\/p>\n<p>Cliquez sur l\u2019image pour plus de d\u00e9tails :[\/vc_column_text][vc_empty_space height=&#8221;20px&#8221;][vc_single_image image=&#8221;17880&#8243; img_size=&#8221;medium&#8221; alignment=&#8221;center&#8221; onclick=&#8221;link_image&#8221; qode_css_animation=&#8221;&#8221;][vc_empty_space][\/vc_column][vc_column width=&#8221;1\/4&#8243;][vc_column_text]<\/p>\n<h3>Mod\u00e8le Nice<\/h3>\n<p>[\/vc_column_text][vc_separator type=&#8221;normal&#8221; color=&#8221;#f18827&#8243;][vc_empty_space height=&#8221;20px&#8221;][vc_single_image image=&#8221;17722&#8243; img_size=&#8221;large&#8221; alignment=&#8221;center&#8221; qode_css_animation=&#8221;&#8221;][vc_empty_space height=&#8221;20px&#8221;][vc_column_text]Vitrage en verres organiques : incolore.<\/p>\n<p>Cliquez sur l\u2019image pour plus de d\u00e9tails :[\/vc_column_text][vc_empty_space height=&#8221;20px&#8221;][vc_single_image image=&#8221;17883&#8243; img_size=&#8221;medium&#8221; alignment=&#8221;center&#8221; onclick=&#8221;link_image&#8221; qode_css_animation=&#8221;&#8221;][vc_empty_space][\/vc_column][vc_column width=&#8221;1\/4&#8243;][\/vc_column][\/vc_row][vc_row row_type=&#8221;row&#8221; use_row_as_full_screen_section=&#8221;no&#8221; type=&#8221;full_width&#8221; angled_section=&#8221;no&#8221; text_align=&#8221;left&#8221; background_image_as_pattern=&#8221;without_pattern&#8221; css_animation=&#8221;&#8221;][vc_column][vc_empty_space][vc_column_text]<\/p>\n<h3>Information technique<\/h3>\n<p>[\/vc_column_text][vc_separator type=&#8221;normal&#8221; color=&#8221;#f18827&#8243;][vc_empty_space height=&#8221;20px&#8221;][vc_row_inner row_type=&#8221;row&#8221; type=&#8221;full_width&#8221; text_align=&#8221;left&#8221; css_animation=&#8221;&#8221;][vc_column_inner width=&#8221;1\/4&#8243;][\/vc_column_inner][vc_column_inner width=&#8221;1\/4&#8243;][vc_single_image image=&#8221;17717&#8243; img_size=&#8221;70&#215;300&#8243; alignment=&#8221;center&#8221; qode_css_animation=&#8221;&#8221;][vc_empty_space height=&#8221;20px&#8221;][vc_column_text]<\/p>\n<p style=\"text-align: center;\">Poign\u00e9es en ABS \u00e0 fixation invisible.<\/p>\n<p>[\/vc_column_text][vc_empty_space][\/vc_column_inner][vc_column_inner width=&#8221;1\/4&#8243;][vc_single_image image=&#8221;17711&#8243; img_size=&#8221;medium&#8221; alignment=&#8221;center&#8221; qode_css_animation=&#8221;&#8221;][vc_empty_space height=&#8221;20px&#8221;][vc_column_text]<\/p>\n<p style=\"text-align: center;\">Glissi\u00e8re en aluminium et chariot coulissant \u00e0 roues en ac\u00e9tal.<\/p>\n<p style=\"text-align: center;\">Cache-glissi\u00e8re \u00e0 fixation sans vis.<\/p>\n<p>[\/vc_column_text][vc_empty_space][\/vc_column_inner][vc_column_inner width=&#8221;1\/4&#8243;][\/vc_column_inner][\/vc_row_inner][vc_empty_space height=&#8221;10px&#8221;][vc_row_inner row_type=&#8221;row&#8221; type=&#8221;full_width&#8221; text_align=&#8221;left&#8221; css_animation=&#8221;&#8221;][vc_column_inner width=&#8221;1\/4&#8243;][\/vc_column_inner][vc_column_inner width=&#8221;1\/2&#8243;][vc_column_text]Toutes nos portes sont livr\u00e9es avec des fermetures magn\u00e9tiques dot\u00e9es de plaques polaris\u00e9es pivotantes.[\/vc_column_text][vc_empty_space][vc_column_text]Le chlorure de polyvinyle (P.V.C.) ne s\u2019enflamme pas. Il est class\u00e9 comme mat\u00e9riau non propagateur de la flamme, \u00e0 la fois par les compagnies d\u2019assurance et par les organismes europ\u00e9ens et nord-am\u00e9ricains. Son comportement face au feu est meilleur que celui d\u2019autres mat\u00e9riaux alternatifs.[\/vc_column_text][\/vc_column_inner][vc_column_inner width=&#8221;1\/4&#8243;][\/vc_column_inner][\/vc_row_inner][vc_empty_space][\/vc_column][\/vc_row][vc_row row_type=&#8221;row&#8221; use_row_as_full_screen_section=&#8221;no&#8221; type=&#8221;full_width&#8221; angled_section=&#8221;no&#8221; text_align=&#8221;left&#8221; background_image_as_pattern=&#8221;without_pattern&#8221; css_animation=&#8221;&#8221;][vc_column][vc_empty_space][vc_column_text]<\/p>\n<h3>Optionnel<\/h3>\n<p>[\/vc_column_text][vc_separator type=&#8221;normal&#8221; color=&#8221;#f18827&#8243;][vc_empty_space height=&#8221;20px&#8221;][\/vc_column][\/vc_row][vc_row row_type=&#8221;row&#8221; use_row_as_full_screen_section=&#8221;no&#8221; type=&#8221;full_width&#8221; angled_section=&#8221;no&#8221; text_align=&#8221;left&#8221; background_image_as_pattern=&#8221;without_pattern&#8221; css_animation=&#8221;&#8221;][vc_column width=&#8221;1\/4&#8243;][vc_row_inner row_type=&#8221;row&#8221; type=&#8221;full_width&#8221; text_align=&#8221;left&#8221; css_animation=&#8221;&#8221; css=&#8221;.vc_custom_1532585223800{padding-right: 30px !important;padding-left: 30px !important;}&#8221;][vc_column_inner width=&#8221;1\/2&#8243;][vc_single_image image=&#8221;17718&#8243; img_size=&#8221;49&#215;200&#8243; alignment=&#8221;center&#8221; qode_css_animation=&#8221;&#8221;][vc_column_text]<\/p>\n<p style=\"text-align: center;\">Dor\u00e9<\/p>\n<p>[\/vc_column_text][vc_empty_space height=&#8221;20px&#8221;][\/vc_column_inner][vc_column_inner width=&#8221;1\/2&#8243;][vc_single_image image=&#8221;17557&#8243; img_size=&#8221;49&#215;200&#8243; alignment=&#8221;center&#8221; qode_css_animation=&#8221;&#8221;][vc_column_text]<\/p>\n<p style=\"text-align: center;\">Chrom\u00e9<\/p>\n<p>[\/vc_column_text][vc_empty_space height=&#8221;20px&#8221;][\/vc_column_inner][\/vc_row_inner][vc_column_text]<\/p>\n<p style=\"text-align: center;\"><strong>Poign\u00e9es<\/strong><\/p>\n<p style=\"text-align: center;\">Avec bain de couleur et laquage protecteur.<\/p>\n<p>[\/vc_column_text][vc_empty_space][\/vc_column][vc_column width=&#8221;1\/2&#8243;][vc_row_inner row_type=&#8221;row&#8221; type=&#8221;full_width&#8221; text_align=&#8221;left&#8221; css_animation=&#8221;&#8221;][vc_column_inner width=&#8221;1\/3&#8243;][vc_single_image image=&#8221;17728&#8243; img_size=&#8221;medium&#8221; alignment=&#8221;center&#8221; qode_css_animation=&#8221;&#8221;][vc_column_text]<\/p>\n<p style=\"text-align: center;\">Gauche<\/p>\n<p>[\/vc_column_text][vc_empty_space height=&#8221;20px&#8221;][\/vc_column_inner][vc_column_inner width=&#8221;1\/3&#8243;][vc_single_image image=&#8221;17727&#8243; img_size=&#8221;medium&#8221; alignment=&#8221;center&#8221; qode_css_animation=&#8221;&#8221;][vc_column_text]<\/p>\n<p style=\"text-align: center;\">Centre<\/p>\n<p>[\/vc_column_text][vc_empty_space height=&#8221;20px&#8221;][\/vc_column_inner][vc_column_inner width=&#8221;1\/3&#8243;][vc_single_image image=&#8221;17726&#8243; img_size=&#8221;medium&#8221; alignment=&#8221;center&#8221; qode_css_animation=&#8221;&#8221;][vc_column_text]<\/p>\n<p style=\"text-align: center;\">Droite<\/p>\n<p>[\/vc_column_text][vc_empty_space height=&#8221;20px&#8221;][\/vc_column_inner][\/vc_row_inner][vc_column_text]<\/p>\n<p style=\"text-align: center;\"><strong>Fermeture de suret\u00e9<\/strong><\/p>\n<p style=\"text-align: center;\">Sert indiff\u00e9remment pour ouvrir \u00e0 gauche, \u00e0 droite et au centre.<\/p>\n<p>[\/vc_column_text][vc_empty_space][\/vc_column][vc_column width=&#8221;1\/4&#8243;][vc_row_inner row_type=&#8221;row&#8221; type=&#8221;full_width&#8221; text_align=&#8221;left&#8221; css_animation=&#8221;&#8221; css=&#8221;.vc_custom_1532586220801{padding-right: 20px !important;padding-left: 20px !important;}&#8221;][vc_column_inner width=&#8221;1\/2&#8243;][vc_single_image image=&#8221;17724&#8243; img_size=&#8221;110&#215;200&#8243; alignment=&#8221;center&#8221; qode_css_animation=&#8221;&#8221;][vc_empty_space height=&#8221;20px&#8221;][\/vc_column_inner][vc_column_inner width=&#8221;1\/2&#8243;][vc_single_image image=&#8221;17725&#8243; img_size=&#8221;60&#215;136&#8243; alignment=&#8221;center&#8221; qode_css_animation=&#8221;&#8221;][vc_empty_space height=&#8221;20px&#8221;][\/vc_column_inner][\/vc_row_inner][vc_column_text]<\/p>\n<p style=\"text-align: center;\"><strong>Serrure m\u00e9tallique<br \/>\n<\/strong><\/p>\n<p style=\"text-align: center;\">Avec serrure des deux c\u00f4t\u00e9s.<\/p>\n<p>[\/vc_column_text][vc_empty_space][\/vc_column][\/vc_row][vc_row row_type=&#8221;row&#8221; use_row_as_full_screen_section=&#8221;no&#8221; type=&#8221;full_width&#8221; angled_section=&#8221;no&#8221; text_align=&#8221;left&#8221; background_image_as_pattern=&#8221;without_pattern&#8221; css_animation=&#8221;&#8221;][vc_column][vc_empty_space][vc_column_text]<\/p>\n<h3>FINITIONS<\/h3>\n<p>[\/vc_column_text][vc_separator type=&#8221;normal&#8221; color=&#8221;#f18827&#8243;][vc_empty_space height=&#8221;20px&#8221;][vc_row_inner row_type=&#8221;row&#8221; type=&#8221;full_width&#8221; text_align=&#8221;left&#8221; css_animation=&#8221;&#8221;][vc_column_inner width=&#8221;1\/6&#8243;][vc_single_image image=&#8221;17742&#8243; img_size=&#8221;300&#215;200&#8243; alignment=&#8221;center&#8221; onclick=&#8221;link_image&#8221; qode_css_animation=&#8221;&#8221; qode_hover_animation=&#8221;zoom_in&#8221; css=&#8221;.vc_custom_1536907129689{border-top-width: 1px !important;border-right-width: 1px !important;border-bottom-width: 1px !important;border-left-width: 1px !important;border-left-color: #eeeeee !important;border-left-style: solid !important;border-right-color: #eeeeee !important;border-right-style: solid !important;border-top-color: #eeeeee !important;border-top-style: solid !important;border-bottom-color: #eeeeee !important;border-bottom-style: solid !important;}&#8221;][vc_column_text]Blanc[\/vc_column_text][vc_empty_space height=&#8221;10px&#8221;][\/vc_column_inner][vc_column_inner width=&#8221;1\/6&#8243;][vc_single_image image=&#8221;17737&#8243; img_size=&#8221;300&#215;200&#8243; alignment=&#8221;center&#8221; onclick=&#8221;link_image&#8221; qode_css_animation=&#8221;&#8221; qode_hover_animation=&#8221;zoom_in&#8221;][vc_column_text]Ch\u00eane[\/vc_column_text][vc_empty_space height=&#8221;10px&#8221;][\/vc_column_inner][vc_column_inner width=&#8221;1\/6&#8243;][vc_single_image image=&#8221;17736&#8243; img_size=&#8221;300&#215;200&#8243; alignment=&#8221;center&#8221; onclick=&#8221;link_image&#8221; qode_css_animation=&#8221;&#8221; qode_hover_animation=&#8221;zoom_in&#8221;][vc_column_text]Sapelli[\/vc_column_text][vc_empty_space height=&#8221;10px&#8221;][\/vc_column_inner][vc_column_inner width=&#8221;1\/6&#8243;][vc_single_image image=&#8221;17738&#8243; img_size=&#8221;300&#215;200&#8243; alignment=&#8221;center&#8221; onclick=&#8221;link_image&#8221; qode_css_animation=&#8221;&#8221; qode_hover_animation=&#8221;zoom_in&#8221;][vc_column_text]Noyer[\/vc_column_text][vc_empty_space height=&#8221;10px&#8221;][\/vc_column_inner][vc_column_inner width=&#8221;1\/6&#8243;][vc_single_image image=&#8221;17739&#8243; img_size=&#8221;300&#215;200&#8243; alignment=&#8221;center&#8221; onclick=&#8221;link_image&#8221; qode_css_animation=&#8221;&#8221; qode_hover_animation=&#8221;zoom_in&#8221;][vc_column_text]H\u00eatre[\/vc_column_text][vc_empty_space height=&#8221;10px&#8221;][\/vc_column_inner][vc_column_inner width=&#8221;1\/6&#8243;][vc_empty_space height=&#8221;10px&#8221;][\/vc_column_inner][\/vc_row_inner][vc_empty_space][\/vc_column][\/vc_row][vc_row row_type=&#8221;row&#8221; use_row_as_full_screen_section=&#8221;no&#8221; type=&#8221;full_width&#8221; angled_section=&#8221;no&#8221; text_align=&#8221;left&#8221; background_image_as_pattern=&#8221;without_pattern&#8221; css_animation=&#8221;&#8221;][vc_column][vc_empty_space][vc_column_text]<\/p>\n<h3>Assemblage<\/h3>\n<p>[\/vc_column_text][vc_separator type=&#8221;normal&#8221; color=&#8221;#f18827&#8243;][vc_empty_space height=&#8221;20px&#8221;][vc_row_inner row_type=&#8221;row&#8221; type=&#8221;full_width&#8221; text_align=&#8221;left&#8221; css_animation=&#8221;&#8221;][vc_column_inner width=&#8221;1\/4&#8243;][\/vc_column_inner][vc_column_inner width=&#8221;1\/2&#8243;][vc_video link=&#8221;https:\/\/www.youtube.com\/watch?v=eSOwZF5xPWE&#8221; align=&#8221;center&#8221;][\/vc_column_inner][vc_column_inner width=&#8221;1\/4&#8243;][\/vc_column_inner][\/vc_row_inner][\/vc_column][\/vc_row][vc_row row_type=&#8221;row&#8221; use_row_as_full_screen_section=&#8221;no&#8221; type=&#8221;full_width&#8221; angled_section=&#8221;no&#8221; text_align=&#8221;left&#8221; background_image_as_pattern=&#8221;without_pattern&#8221; css_animation=&#8221;&#8221;][vc_column][vc_empty_space][\/vc_column][\/vc_row]<\/p>\n","protected":false},"excerpt":{"rendered":"<p>[vc_row row_type=&#8221;row&#8221; use_row_as_full_screen_section=&#8221;no&#8221; type=&#8221;grid&#8221; angled_section=&#8221;no&#8221; text_align=&#8221;center&#8221; background_image_as_pattern=&#8221;without_pattern&#8221; padding_bottom=&#8221;47&#8243; css_animation=&#8221;&#8221;][vc_column][vc_column_text] S\u00e9rie vinyle [\/vc_column_text][vc_separator type=&#8221;small&#8221; position=&#8221;center&#8221; color=&#8221;#f18827&#8243; thickness=&#8221;6&#8243; width=&#8221;52&#8243; up=&#8221;12&#8243; down=&#8221;20&#8243;][\/vc_column][\/vc_row][vc_row row_type=&#8221;row&#8221; use_row_as_full_screen_section=&#8221;no&#8221; type=&#8221;full_width&#8221; angled_section=&#8221;no&#8221; text_align=&#8221;left&#8221; background_image_as_pattern=&#8221;without_pattern&#8221; css_animation=&#8221;&#8221;][vc_column][vc_gallery type=&#8221;flexslider_slide&#8221; interval=&#8221;3&#8243; images=&#8221;16647,17729,17730,17734,17731,17733,17732&#8243; img_size=&#8221;full&#8221; onclick=&#8221;&#8221; enable_drag=&#8221;yes&#8221;][\/vc_column][\/vc_row][vc_row row_type=&#8221;row&#8221; use_row_as_full_screen_section=&#8221;no&#8221; type=&#8221;full_width&#8221; angled_section=&#8221;no&#8221; text_align=&#8221;left&#8221; background_image_as_pattern=&#8221;without_pattern&#8221; css_animation=&#8221;&#8221;][vc_column][vc_column_text] Lames de 112 mm extrud\u00e9es en&#8230;<\/p>\n","protected":false},"author":1,"featured_media":0,"parent":17510,"menu_order":0,"comment_status":"closed","ping_status":"closed","template":"","meta":{"footnotes":""},"class_list":["post-17705","page","type-page","status-publish","hentry"],"yoast_head":"<!-- This site is optimized with the Yoast SEO plugin v18.4.1 - https:\/\/yoast.com\/wordpress\/plugins\/seo\/ -->\n<title>S\u00e9rie vinyle - Disdoor<\/title>\n<meta name=\"robots\" content=\"index, follow, max-snippet:-1, max-image-preview:large, max-video-preview:-1\" \/>\n<link rel=\"canonical\" href=\"https:\/\/www.disdoor.es\/fr\/productos\/puertas-y-divisiones-plegables\/serie-vinilo\/\" \/>\n<meta property=\"og:locale\" content=\"fr_FR\" \/>\n<meta property=\"og:type\" content=\"article\" \/>\n<meta property=\"og:title\" content=\"S\u00e9rie vinyle - Disdoor\" \/>\n<meta property=\"og:description\" content=\"[vc_row row_type=&#8221;row&#8221; use_row_as_full_screen_section=&#8221;no&#8221; type=&#8221;grid&#8221; angled_section=&#8221;no&#8221; text_align=&#8221;center&#8221; background_image_as_pattern=&#8221;without_pattern&#8221; padding_bottom=&#8221;47&#8243; css_animation=&#8221;&#8221;][vc_column][vc_column_text] S\u00e9rie vinyle [\/vc_column_text][vc_separator type=&#8221;small&#8221; position=&#8221;center&#8221; color=&#8221;#f18827&#8243; thickness=&#8221;6&#8243; width=&#8221;52&#8243; up=&#8221;12&#8243; down=&#8221;20&#8243;][\/vc_column][\/vc_row][vc_row row_type=&#8221;row&#8221; use_row_as_full_screen_section=&#8221;no&#8221; type=&#8221;full_width&#8221; angled_section=&#8221;no&#8221; text_align=&#8221;left&#8221; background_image_as_pattern=&#8221;without_pattern&#8221; css_animation=&#8221;&#8221;][vc_column][vc_gallery type=&#8221;flexslider_slide&#8221; interval=&#8221;3&#8243; images=&#8221;16647,17729,17730,17734,17731,17733,17732&#8243; img_size=&#8221;full&#8221; onclick=&#8221;&#8221; enable_drag=&#8221;yes&#8221;][\/vc_column][\/vc_row][vc_row row_type=&#8221;row&#8221; use_row_as_full_screen_section=&#8221;no&#8221; type=&#8221;full_width&#8221; angled_section=&#8221;no&#8221; text_align=&#8221;left&#8221; background_image_as_pattern=&#8221;without_pattern&#8221; css_animation=&#8221;&#8221;][vc_column][vc_column_text] Lames de 112 mm extrud\u00e9es en...\" \/>\n<meta property=\"og:url\" content=\"https:\/\/www.disdoor.es\/fr\/productos\/puertas-y-divisiones-plegables\/serie-vinilo\/\" \/>\n<meta property=\"og:site_name\" content=\"Disdoor\" \/>\n<meta property=\"article:modified_time\" content=\"2021-03-30T16:15:29+00:00\" \/>\n<meta name=\"twitter:card\" content=\"summary_large_image\" \/>\n<meta name=\"twitter:label1\" content=\"Est. reading time\" \/>\n\t<meta name=\"twitter:data1\" content=\"8 minutes\" \/>\n<script type=\"application\/ld+json\" class=\"yoast-schema-graph\">{\"@context\":\"https:\/\/schema.org\",\"@graph\":[{\"@type\":\"Organization\",\"@id\":\"https:\/\/www.disdoor.es\/fr\/#organization\",\"name\":\"Disdoor\",\"url\":\"https:\/\/www.disdoor.es\/fr\/\",\"sameAs\":[],\"logo\":{\"@type\":\"ImageObject\",\"@id\":\"https:\/\/www.disdoor.es\/fr\/#logo\",\"inLanguage\":\"fr-FR\",\"url\":\"https:\/\/www.disdoor.es\/wp-content\/uploads\/2017\/10\/logo-disdoor.png\",\"contentUrl\":\"https:\/\/www.disdoor.es\/wp-content\/uploads\/2017\/10\/logo-disdoor.png\",\"width\":198,\"height\":80,\"caption\":\"Disdoor\"},\"image\":{\"@id\":\"https:\/\/www.disdoor.es\/fr\/#logo\"}},{\"@type\":\"WebSite\",\"@id\":\"https:\/\/www.disdoor.es\/fr\/#website\",\"url\":\"https:\/\/www.disdoor.es\/fr\/\",\"name\":\"Disdoor\",\"description\":\"Armarios y puertas plegables\",\"publisher\":{\"@id\":\"https:\/\/www.disdoor.es\/fr\/#organization\"},\"potentialAction\":[{\"@type\":\"SearchAction\",\"target\":{\"@type\":\"EntryPoint\",\"urlTemplate\":\"https:\/\/www.disdoor.es\/fr\/?s={search_term_string}\"},\"query-input\":\"required name=search_term_string\"}],\"inLanguage\":\"fr-FR\"},{\"@type\":\"WebPage\",\"@id\":\"https:\/\/www.disdoor.es\/fr\/productos\/puertas-y-divisiones-plegables\/serie-vinilo\/#webpage\",\"url\":\"https:\/\/www.disdoor.es\/fr\/productos\/puertas-y-divisiones-plegables\/serie-vinilo\/\",\"name\":\"S\u00e9rie vinyle - Disdoor\",\"isPartOf\":{\"@id\":\"https:\/\/www.disdoor.es\/fr\/#website\"},\"datePublished\":\"2018-07-13T05:57:40+00:00\",\"dateModified\":\"2021-03-30T16:15:29+00:00\",\"breadcrumb\":{\"@id\":\"https:\/\/www.disdoor.es\/fr\/productos\/puertas-y-divisiones-plegables\/serie-vinilo\/#breadcrumb\"},\"inLanguage\":\"fr-FR\",\"potentialAction\":[{\"@type\":\"ReadAction\",\"target\":[\"https:\/\/www.disdoor.es\/fr\/productos\/puertas-y-divisiones-plegables\/serie-vinilo\/\"]}]},{\"@type\":\"BreadcrumbList\",\"@id\":\"https:\/\/www.disdoor.es\/fr\/productos\/puertas-y-divisiones-plegables\/serie-vinilo\/#breadcrumb\",\"itemListElement\":[{\"@type\":\"ListItem\",\"position\":1,\"name\":\"Portada\",\"item\":\"https:\/\/www.disdoor.es\/fr\/\"},{\"@type\":\"ListItem\",\"position\":2,\"name\":\"Produits\",\"item\":\"https:\/\/www.disdoor.es\/fr\/productos\/\"},{\"@type\":\"ListItem\",\"position\":3,\"name\":\"Portes et divisions pliantes\",\"item\":\"https:\/\/www.disdoor.es\/fr\/productos\/puertas-y-divisiones-plegables\/\"},{\"@type\":\"ListItem\",\"position\":4,\"name\":\"S\u00e9rie vinyle\"}]}]}<\/script>\n<!-- \/ Yoast SEO plugin. -->","yoast_head_json":{"title":"S\u00e9rie vinyle - Disdoor","robots":{"index":"index","follow":"follow","max-snippet":"max-snippet:-1","max-image-preview":"max-image-preview:large","max-video-preview":"max-video-preview:-1"},"canonical":"https:\/\/www.disdoor.es\/fr\/productos\/puertas-y-divisiones-plegables\/serie-vinilo\/","og_locale":"fr_FR","og_type":"article","og_title":"S\u00e9rie vinyle - Disdoor","og_description":"[vc_row row_type=&#8221;row&#8221; use_row_as_full_screen_section=&#8221;no&#8221; type=&#8221;grid&#8221; angled_section=&#8221;no&#8221; text_align=&#8221;center&#8221; background_image_as_pattern=&#8221;without_pattern&#8221; padding_bottom=&#8221;47&#8243; css_animation=&#8221;&#8221;][vc_column][vc_column_text] S\u00e9rie vinyle [\/vc_column_text][vc_separator type=&#8221;small&#8221; position=&#8221;center&#8221; color=&#8221;#f18827&#8243; thickness=&#8221;6&#8243; width=&#8221;52&#8243; up=&#8221;12&#8243; down=&#8221;20&#8243;][\/vc_column][\/vc_row][vc_row row_type=&#8221;row&#8221; use_row_as_full_screen_section=&#8221;no&#8221; type=&#8221;full_width&#8221; angled_section=&#8221;no&#8221; text_align=&#8221;left&#8221; background_image_as_pattern=&#8221;without_pattern&#8221; css_animation=&#8221;&#8221;][vc_column][vc_gallery type=&#8221;flexslider_slide&#8221; interval=&#8221;3&#8243; images=&#8221;16647,17729,17730,17734,17731,17733,17732&#8243; img_size=&#8221;full&#8221; onclick=&#8221;&#8221; enable_drag=&#8221;yes&#8221;][\/vc_column][\/vc_row][vc_row row_type=&#8221;row&#8221; use_row_as_full_screen_section=&#8221;no&#8221; type=&#8221;full_width&#8221; angled_section=&#8221;no&#8221; text_align=&#8221;left&#8221; background_image_as_pattern=&#8221;without_pattern&#8221; css_animation=&#8221;&#8221;][vc_column][vc_column_text] Lames de 112 mm extrud\u00e9es en...","og_url":"https:\/\/www.disdoor.es\/fr\/productos\/puertas-y-divisiones-plegables\/serie-vinilo\/","og_site_name":"Disdoor","article_modified_time":"2021-03-30T16:15:29+00:00","twitter_card":"summary_large_image","twitter_misc":{"Est. reading time":"8 minutes"},"schema":{"@context":"https:\/\/schema.org","@graph":[{"@type":"Organization","@id":"https:\/\/www.disdoor.es\/fr\/#organization","name":"Disdoor","url":"https:\/\/www.disdoor.es\/fr\/","sameAs":[],"logo":{"@type":"ImageObject","@id":"https:\/\/www.disdoor.es\/fr\/#logo","inLanguage":"fr-FR","url":"https:\/\/www.disdoor.es\/wp-content\/uploads\/2017\/10\/logo-disdoor.png","contentUrl":"https:\/\/www.disdoor.es\/wp-content\/uploads\/2017\/10\/logo-disdoor.png","width":198,"height":80,"caption":"Disdoor"},"image":{"@id":"https:\/\/www.disdoor.es\/fr\/#logo"}},{"@type":"WebSite","@id":"https:\/\/www.disdoor.es\/fr\/#website","url":"https:\/\/www.disdoor.es\/fr\/","name":"Disdoor","description":"Armarios y puertas plegables","publisher":{"@id":"https:\/\/www.disdoor.es\/fr\/#organization"},"potentialAction":[{"@type":"SearchAction","target":{"@type":"EntryPoint","urlTemplate":"https:\/\/www.disdoor.es\/fr\/?s={search_term_string}"},"query-input":"required name=search_term_string"}],"inLanguage":"fr-FR"},{"@type":"WebPage","@id":"https:\/\/www.disdoor.es\/fr\/productos\/puertas-y-divisiones-plegables\/serie-vinilo\/#webpage","url":"https:\/\/www.disdoor.es\/fr\/productos\/puertas-y-divisiones-plegables\/serie-vinilo\/","name":"S\u00e9rie vinyle - Disdoor","isPartOf":{"@id":"https:\/\/www.disdoor.es\/fr\/#website"},"datePublished":"2018-07-13T05:57:40+00:00","dateModified":"2021-03-30T16:15:29+00:00","breadcrumb":{"@id":"https:\/\/www.disdoor.es\/fr\/productos\/puertas-y-divisiones-plegables\/serie-vinilo\/#breadcrumb"},"inLanguage":"fr-FR","potentialAction":[{"@type":"ReadAction","target":["https:\/\/www.disdoor.es\/fr\/productos\/puertas-y-divisiones-plegables\/serie-vinilo\/"]}]},{"@type":"BreadcrumbList","@id":"https:\/\/www.disdoor.es\/fr\/productos\/puertas-y-divisiones-plegables\/serie-vinilo\/#breadcrumb","itemListElement":[{"@type":"ListItem","position":1,"name":"Portada","item":"https:\/\/www.disdoor.es\/fr\/"},{"@type":"ListItem","position":2,"name":"Produits","item":"https:\/\/www.disdoor.es\/fr\/productos\/"},{"@type":"ListItem","position":3,"name":"Portes et divisions pliantes","item":"https:\/\/www.disdoor.es\/fr\/productos\/puertas-y-divisiones-plegables\/"},{"@type":"ListItem","position":4,"name":"S\u00e9rie vinyle"}]}]}},"_links":{"self":[{"href":"https:\/\/www.disdoor.es\/fr\/wp-json\/wp\/v2\/pages\/17705","targetHints":{"allow":["GET"]}}],"collection":[{"href":"https:\/\/www.disdoor.es\/fr\/wp-json\/wp\/v2\/pages"}],"about":[{"href":"https:\/\/www.disdoor.es\/fr\/wp-json\/wp\/v2\/types\/page"}],"author":[{"embeddable":true,"href":"https:\/\/www.disdoor.es\/fr\/wp-json\/wp\/v2\/users\/1"}],"replies":[{"embeddable":true,"href":"https:\/\/www.disdoor.es\/fr\/wp-json\/wp\/v2\/comments?post=17705"}],"version-history":[{"count":7,"href":"https:\/\/www.disdoor.es\/fr\/wp-json\/wp\/v2\/pages\/17705\/revisions"}],"predecessor-version":[{"id":17894,"href":"https:\/\/www.disdoor.es\/fr\/wp-json\/wp\/v2\/pages\/17705\/revisions\/17894"}],"up":[{"embeddable":true,"href":"https:\/\/www.disdoor.es\/fr\/wp-json\/wp\/v2\/pages\/17510"}],"wp:attachment":[{"href":"https:\/\/www.disdoor.es\/fr\/wp-json\/wp\/v2\/media?parent=17705"}],"curies":[{"name":"wp","href":"https:\/\/api.w.org\/{rel}","templated":true}]}}