{"id":17213,"date":"2017-10-17T07:41:34","date_gmt":"2017-10-17T07:41:34","guid":{"rendered":"https:\/\/www.disdoor.es\/configurador-armarios\/"},"modified":"2019-06-13T06:41:19","modified_gmt":"2019-06-13T06:41:19","slug":"configurador-armarios","status":"publish","type":"page","link":"https:\/\/www.disdoor.es\/fr\/configurador-armarios\/","title":{"rendered":"Configurateur"},"content":{"rendered":"<p>[vc_row row_type=&#8221;row&#8221; use_row_as_full_screen_section=&#8221;no&#8221; type=&#8221;grid&#8221; angled_section=&#8221;no&#8221; text_align=&#8221;left&#8221; background_image_as_pattern=&#8221;without_pattern&#8221; css_animation=&#8221;&#8221;][vc_column][vc_column_text]<\/p>\n<h2>CONFIGURATEUR D\u2019ARMOIRES<\/h2>\n<p>[\/vc_column_text][vc_separator type=&#8221;small&#8221; position=&#8221;left&#8221;][vc_column_text]Le configurateur d\u2019armoires DISDOOR est l\u2019outil permettant de concevoir simplement l\u2019armoire de vos r\u00eaves. D\u00e9couvrez-le.<\/p>\n<p>Afin de faciliter la configuration des finitions et des d\u00e9tails qui composent nos armoires, DISDOOR vous pr\u00e9sente son configurateur de fa\u00e7ades et d\u2019int\u00e9rieurs d\u2019armoires qui permet, de mani\u00e8re simple et rapide, de cr\u00e9er une armoire personnalis\u00e9e, adapt\u00e9e \u00e0 nos besoins, tout en laissant libre cours \u00e0 votre imagination pour combiner la vaste gamme de finitions de la mani\u00e8re la plus originale.<\/p>\n<p>Disponible chez nos distributeurs.[\/vc_column_text][vc_separator type=&#8221;transparent&#8221; up=&#8221;27&#8243; down=&#8221;0&#8243;]<a id=\"acceso\" itemprop=\"url\" href=\"http:\/\/www.disdoor.es\/configurador-online\/\" target=\"_blank\" data-hover-background-color=#f18827 data-hover-color=#ffffff class=\"qbutton  large center default\" style=\"color: #f2f2f2; font-weight: 500; background-color: #f18827;\">Acc\u00e8s Clients<\/a>[vc_separator type=&#8221;transparent&#8221; up=&#8221;34&#8243; down=&#8221;0&#8243;][\/vc_column][\/vc_row][vc_row row_type=&#8221;row&#8221; use_row_as_full_screen_section=&#8221;no&#8221; type=&#8221;grid&#8221; angled_section=&#8221;no&#8221; text_align=&#8221;left&#8221; background_image_as_pattern=&#8221;without_pattern&#8221; css_animation=&#8221;&#8221;][vc_column][vc_separator type=&#8221;normal&#8221; up=&#8221;0&#8243; down=&#8221;0&#8243;][\/vc_column][\/vc_row][vc_row row_type=&#8221;row&#8221; use_row_as_full_screen_section=&#8221;no&#8221; type=&#8221;grid&#8221; angled_section=&#8221;no&#8221; text_align=&#8221;center&#8221; background_image_as_pattern=&#8221;without_pattern&#8221; padding_top=&#8221;70&#8243; padding_bottom=&#8221;23&#8243; css_animation=&#8221;&#8221;][vc_column][vc_column_text]<\/p>\n<h3 style=\"text-align: center;\">Design de fa\u00e7ades<\/h3>\n<p>[\/vc_column_text][vc_separator type=&#8221;small&#8221; position=&#8221;center&#8221; down=&#8221;30&#8243;][vc_row_inner row_type=&#8221;row&#8221; type=&#8221;full_width&#8221; text_align=&#8221;left&#8221; css_animation=&#8221;&#8221;][vc_column_inner width=&#8221;2\/3&#8243;][vc_single_image image=&#8221;17217&#8243; img_size=&#8221;full&#8221; onclick=&#8221;custom_link&#8221; img_link_target=&#8221;_blank&#8221; qode_css_animation=&#8221;&#8221; link=&#8221;http:\/\/www.disdoor.es\/configurador-online\/&#8221;][\/vc_column_inner][vc_column_inner width=&#8221;1\/3&#8243;][vc_single_image image=&#8221;17218&#8243; img_size=&#8221;full&#8221; onclick=&#8221;custom_link&#8221; img_link_target=&#8221;_blank&#8221; qode_css_animation=&#8221;&#8221; link=&#8221;http:\/\/www.disdoor.es\/configurador-online\/&#8221;][\/vc_column_inner][\/vc_row_inner][\/vc_column][\/vc_row][vc_row row_type=&#8221;row&#8221; use_row_as_full_screen_section=&#8221;no&#8221; type=&#8221;grid&#8221; angled_section=&#8221;no&#8221; text_align=&#8221;center&#8221; background_image_as_pattern=&#8221;without_pattern&#8221; padding_top=&#8221;70&#8243; padding_bottom=&#8221;23&#8243; css_animation=&#8221;&#8221;][vc_column][vc_column_text]<\/p>\n<h3 style=\"text-align: center;\">Design d&#8217;int\u00e9rieurs<\/h3>\n<p>[\/vc_column_text][vc_separator type=&#8221;small&#8221; position=&#8221;center&#8221; down=&#8221;30&#8243;][vc_row_inner row_type=&#8221;row&#8221; type=&#8221;full_width&#8221; text_align=&#8221;left&#8221; css_animation=&#8221;&#8221;][vc_column_inner width=&#8221;1\/3&#8243;][vc_single_image image=&#8221;17216&#8243; img_size=&#8221;full&#8221; onclick=&#8221;custom_link&#8221; img_link_target=&#8221;_blank&#8221; qode_css_animation=&#8221;&#8221; link=&#8221;http:\/\/www.disdoor.es\/configurador-online\/&#8221;][\/vc_column_inner][vc_column_inner width=&#8221;2\/3&#8243;][vc_single_image image=&#8221;17215&#8243; img_size=&#8221;full&#8221; onclick=&#8221;custom_link&#8221; img_link_target=&#8221;_blank&#8221; qode_css_animation=&#8221;&#8221; link=&#8221;http:\/\/www.disdoor.es\/configurador-online\/&#8221;][\/vc_column_inner][\/vc_row_inner][\/vc_column][\/vc_row][vc_row row_type=&#8221;row&#8221; use_row_as_full_screen_section=&#8221;no&#8221; type=&#8221;grid&#8221; angled_section=&#8221;no&#8221; text_align=&#8221;left&#8221; background_image_as_pattern=&#8221;without_pattern&#8221; css_animation=&#8221;&#8221;][vc_column][vc_empty_space][\/vc_column][\/vc_row]<\/p>\n","protected":false},"excerpt":{"rendered":"<p>[vc_row row_type=&#8221;row&#8221; use_row_as_full_screen_section=&#8221;no&#8221; type=&#8221;grid&#8221; angled_section=&#8221;no&#8221; text_align=&#8221;left&#8221; background_image_as_pattern=&#8221;without_pattern&#8221; css_animation=&#8221;&#8221;][vc_column][vc_column_text] CONFIGURATEUR D\u2019ARMOIRES [\/vc_column_text][vc_separator type=&#8221;small&#8221; position=&#8221;left&#8221;][vc_column_text]Le configurateur d\u2019armoires DISDOOR est l\u2019outil permettant de concevoir simplement l\u2019armoire de vos r\u00eaves. D\u00e9couvrez-le. Afin de faciliter la configuration des finitions et des d\u00e9tails qui composent nos armoires, DISDOOR vous pr\u00e9sente son&#8230;<\/p>\n","protected":false},"author":1,"featured_media":0,"parent":0,"menu_order":0,"comment_status":"closed","ping_status":"closed","template":"","meta":{"footnotes":""},"class_list":["post-17213","page","type-page","status-publish","hentry"],"yoast_head":"<!-- This site is optimized with the Yoast SEO plugin v18.4.1 - https:\/\/yoast.com\/wordpress\/plugins\/seo\/ -->\n<title>Configurateur - Disdoor<\/title>\n<meta name=\"robots\" content=\"index, follow, max-snippet:-1, max-image-preview:large, max-video-preview:-1\" \/>\n<link rel=\"canonical\" href=\"https:\/\/www.disdoor.es\/fr\/configurador-armarios\/\" \/>\n<meta property=\"og:locale\" content=\"fr_FR\" \/>\n<meta property=\"og:type\" content=\"article\" \/>\n<meta property=\"og:title\" content=\"Configurateur - Disdoor\" \/>\n<meta property=\"og:description\" content=\"[vc_row row_type=&#8221;row&#8221; use_row_as_full_screen_section=&#8221;no&#8221; type=&#8221;grid&#8221; angled_section=&#8221;no&#8221; text_align=&#8221;left&#8221; background_image_as_pattern=&#8221;without_pattern&#8221; css_animation=&#8221;&#8221;][vc_column][vc_column_text] CONFIGURATEUR D\u2019ARMOIRES [\/vc_column_text][vc_separator type=&#8221;small&#8221; position=&#8221;left&#8221;][vc_column_text]Le configurateur d\u2019armoires DISDOOR est l\u2019outil permettant de concevoir simplement l\u2019armoire de vos r\u00eaves. D\u00e9couvrez-le. Afin de faciliter la configuration des finitions et des d\u00e9tails qui composent nos armoires, DISDOOR vous pr\u00e9sente son...\" \/>\n<meta property=\"og:url\" content=\"https:\/\/www.disdoor.es\/fr\/configurador-armarios\/\" \/>\n<meta property=\"og:site_name\" content=\"Disdoor\" \/>\n<meta property=\"article:modified_time\" content=\"2019-06-13T06:41:19+00:00\" \/>\n<meta name=\"twitter:card\" content=\"summary_large_image\" \/>\n<meta name=\"twitter:label1\" content=\"Est. reading time\" \/>\n\t<meta name=\"twitter:data1\" content=\"3 minutes\" \/>\n<script type=\"application\/ld+json\" class=\"yoast-schema-graph\">{\"@context\":\"https:\/\/schema.org\",\"@graph\":[{\"@type\":\"Organization\",\"@id\":\"https:\/\/www.disdoor.es\/fr\/#organization\",\"name\":\"Disdoor\",\"url\":\"https:\/\/www.disdoor.es\/fr\/\",\"sameAs\":[],\"logo\":{\"@type\":\"ImageObject\",\"@id\":\"https:\/\/www.disdoor.es\/fr\/#logo\",\"inLanguage\":\"fr-FR\",\"url\":\"https:\/\/www.disdoor.es\/wp-content\/uploads\/2017\/10\/logo-disdoor.png\",\"contentUrl\":\"https:\/\/www.disdoor.es\/wp-content\/uploads\/2017\/10\/logo-disdoor.png\",\"width\":198,\"height\":80,\"caption\":\"Disdoor\"},\"image\":{\"@id\":\"https:\/\/www.disdoor.es\/fr\/#logo\"}},{\"@type\":\"WebSite\",\"@id\":\"https:\/\/www.disdoor.es\/fr\/#website\",\"url\":\"https:\/\/www.disdoor.es\/fr\/\",\"name\":\"Disdoor\",\"description\":\"Armarios y puertas plegables\",\"publisher\":{\"@id\":\"https:\/\/www.disdoor.es\/fr\/#organization\"},\"potentialAction\":[{\"@type\":\"SearchAction\",\"target\":{\"@type\":\"EntryPoint\",\"urlTemplate\":\"https:\/\/www.disdoor.es\/fr\/?s={search_term_string}\"},\"query-input\":\"required name=search_term_string\"}],\"inLanguage\":\"fr-FR\"},{\"@type\":\"WebPage\",\"@id\":\"https:\/\/www.disdoor.es\/fr\/configurador-armarios\/#webpage\",\"url\":\"https:\/\/www.disdoor.es\/fr\/configurador-armarios\/\",\"name\":\"Configurateur - Disdoor\",\"isPartOf\":{\"@id\":\"https:\/\/www.disdoor.es\/fr\/#website\"},\"datePublished\":\"2017-10-17T07:41:34+00:00\",\"dateModified\":\"2019-06-13T06:41:19+00:00\",\"breadcrumb\":{\"@id\":\"https:\/\/www.disdoor.es\/fr\/configurador-armarios\/#breadcrumb\"},\"inLanguage\":\"fr-FR\",\"potentialAction\":[{\"@type\":\"ReadAction\",\"target\":[\"https:\/\/www.disdoor.es\/fr\/configurador-armarios\/\"]}]},{\"@type\":\"BreadcrumbList\",\"@id\":\"https:\/\/www.disdoor.es\/fr\/configurador-armarios\/#breadcrumb\",\"itemListElement\":[{\"@type\":\"ListItem\",\"position\":1,\"name\":\"Portada\",\"item\":\"https:\/\/www.disdoor.es\/fr\/\"},{\"@type\":\"ListItem\",\"position\":2,\"name\":\"Configurateur\"}]}]}<\/script>\n<!-- \/ Yoast SEO plugin. -->","yoast_head_json":{"title":"Configurateur - Disdoor","robots":{"index":"index","follow":"follow","max-snippet":"max-snippet:-1","max-image-preview":"max-image-preview:large","max-video-preview":"max-video-preview:-1"},"canonical":"https:\/\/www.disdoor.es\/fr\/configurador-armarios\/","og_locale":"fr_FR","og_type":"article","og_title":"Configurateur - Disdoor","og_description":"[vc_row row_type=&#8221;row&#8221; use_row_as_full_screen_section=&#8221;no&#8221; type=&#8221;grid&#8221; angled_section=&#8221;no&#8221; text_align=&#8221;left&#8221; background_image_as_pattern=&#8221;without_pattern&#8221; css_animation=&#8221;&#8221;][vc_column][vc_column_text] CONFIGURATEUR D\u2019ARMOIRES [\/vc_column_text][vc_separator type=&#8221;small&#8221; position=&#8221;left&#8221;][vc_column_text]Le configurateur d\u2019armoires DISDOOR est l\u2019outil permettant de concevoir simplement l\u2019armoire de vos r\u00eaves. D\u00e9couvrez-le. Afin de faciliter la configuration des finitions et des d\u00e9tails qui composent nos armoires, DISDOOR vous pr\u00e9sente son...","og_url":"https:\/\/www.disdoor.es\/fr\/configurador-armarios\/","og_site_name":"Disdoor","article_modified_time":"2019-06-13T06:41:19+00:00","twitter_card":"summary_large_image","twitter_misc":{"Est. reading time":"3 minutes"},"schema":{"@context":"https:\/\/schema.org","@graph":[{"@type":"Organization","@id":"https:\/\/www.disdoor.es\/fr\/#organization","name":"Disdoor","url":"https:\/\/www.disdoor.es\/fr\/","sameAs":[],"logo":{"@type":"ImageObject","@id":"https:\/\/www.disdoor.es\/fr\/#logo","inLanguage":"fr-FR","url":"https:\/\/www.disdoor.es\/wp-content\/uploads\/2017\/10\/logo-disdoor.png","contentUrl":"https:\/\/www.disdoor.es\/wp-content\/uploads\/2017\/10\/logo-disdoor.png","width":198,"height":80,"caption":"Disdoor"},"image":{"@id":"https:\/\/www.disdoor.es\/fr\/#logo"}},{"@type":"WebSite","@id":"https:\/\/www.disdoor.es\/fr\/#website","url":"https:\/\/www.disdoor.es\/fr\/","name":"Disdoor","description":"Armarios y puertas plegables","publisher":{"@id":"https:\/\/www.disdoor.es\/fr\/#organization"},"potentialAction":[{"@type":"SearchAction","target":{"@type":"EntryPoint","urlTemplate":"https:\/\/www.disdoor.es\/fr\/?s={search_term_string}"},"query-input":"required name=search_term_string"}],"inLanguage":"fr-FR"},{"@type":"WebPage","@id":"https:\/\/www.disdoor.es\/fr\/configurador-armarios\/#webpage","url":"https:\/\/www.disdoor.es\/fr\/configurador-armarios\/","name":"Configurateur - Disdoor","isPartOf":{"@id":"https:\/\/www.disdoor.es\/fr\/#website"},"datePublished":"2017-10-17T07:41:34+00:00","dateModified":"2019-06-13T06:41:19+00:00","breadcrumb":{"@id":"https:\/\/www.disdoor.es\/fr\/configurador-armarios\/#breadcrumb"},"inLanguage":"fr-FR","potentialAction":[{"@type":"ReadAction","target":["https:\/\/www.disdoor.es\/fr\/configurador-armarios\/"]}]},{"@type":"BreadcrumbList","@id":"https:\/\/www.disdoor.es\/fr\/configurador-armarios\/#breadcrumb","itemListElement":[{"@type":"ListItem","position":1,"name":"Portada","item":"https:\/\/www.disdoor.es\/fr\/"},{"@type":"ListItem","position":2,"name":"Configurateur"}]}]}},"_links":{"self":[{"href":"https:\/\/www.disdoor.es\/fr\/wp-json\/wp\/v2\/pages\/17213","targetHints":{"allow":["GET"]}}],"collection":[{"href":"https:\/\/www.disdoor.es\/fr\/wp-json\/wp\/v2\/pages"}],"about":[{"href":"https:\/\/www.disdoor.es\/fr\/wp-json\/wp\/v2\/types\/page"}],"author":[{"embeddable":true,"href":"https:\/\/www.disdoor.es\/fr\/wp-json\/wp\/v2\/users\/1"}],"replies":[{"embeddable":true,"href":"https:\/\/www.disdoor.es\/fr\/wp-json\/wp\/v2\/comments?post=17213"}],"version-history":[{"count":8,"href":"https:\/\/www.disdoor.es\/fr\/wp-json\/wp\/v2\/pages\/17213\/revisions"}],"predecessor-version":[{"id":17853,"href":"https:\/\/www.disdoor.es\/fr\/wp-json\/wp\/v2\/pages\/17213\/revisions\/17853"}],"wp:attachment":[{"href":"https:\/\/www.disdoor.es\/fr\/wp-json\/wp\/v2\/media?parent=17213"}],"curies":[{"name":"wp","href":"https:\/\/api.w.org\/{rel}","templated":true}]}}