{"id":17203,"date":"2017-10-17T11:49:35","date_gmt":"2017-10-17T11:49:35","guid":{"rendered":"https:\/\/www.disdoor.es\/id\/"},"modified":"2019-04-22T15:52:36","modified_gmt":"2019-04-22T15:52:36","slug":"id","status":"publish","type":"page","link":"https:\/\/www.disdoor.es\/fr\/id\/","title":{"rendered":"I+D"},"content":{"rendered":"<p>[vc_row row_type=&#8221;row&#8221; use_row_as_full_screen_section=&#8221;no&#8221; type=&#8221;grid&#8221; angled_section=&#8221;no&#8221; text_align=&#8221;center&#8221; background_image_as_pattern=&#8221;without_pattern&#8221; padding_bottom=&#8221;47&#8243; css_animation=&#8221;&#8221;][vc_column][vc_column_text]<\/p>\n<h2 style=\"text-align: center;\">I+D<\/h2>\n<p>[\/vc_column_text][vc_separator type=&#8221;small&#8221; position=&#8221;center&#8221; color=&#8221;#f18827&#8243; thickness=&#8221;6&#8243; width=&#8221;52&#8243; up=&#8221;12&#8243; down=&#8221;20&#8243;][vc_column_text]<\/p>\n<h5 style=\"text-align: center;\">Brevets d\u2019invention DISDOOR<\/h5>\n<p>[\/vc_column_text][vc_empty_space][\/vc_column][\/vc_row][vc_row row_type=&#8221;row&#8221; use_row_as_full_screen_section=&#8221;no&#8221; type=&#8221;full_width&#8221; angled_section=&#8221;no&#8221; text_align=&#8221;left&#8221; background_image_as_pattern=&#8221;without_pattern&#8221; css_animation=&#8221;&#8221;][vc_column][vc_column_text]Au cours de nos 35 ann\u00e9es d\u2019activit\u00e9, nous avons d\u00e9velopp\u00e9 4 brevets d\u2019invention, ainsi que divers mod\u00e8les d\u2019utilit\u00e9 et des mod\u00e8les industriels. La recherche et le d\u00e9veloppement nous ont permis d\u2019am\u00e9liorer la valeur ajout\u00e9e de notre offre, de g\u00e9n\u00e9rer de la comp\u00e9titivit\u00e9 et de devenir la marque de r\u00e9f\u00e9rence en syst\u00e8mes d\u2019armoires coulissantes, en divisions pliantes et en plinthes et chambranles 100% anti-humidit\u00e9.[\/vc_column_text][vc_empty_space][vc_column_text]<\/p>\n<h3>NOS BREVETS<\/h3>\n<p>[\/vc_column_text][vc_separator type=&#8221;small&#8221; position=&#8221;left&#8221;][vc_column_text]Brevet international d\u2019invention PCT \/ ES2016 \/ 070472<br \/>\nBrevet d\u2019invention 201530903<br \/>\nBrevet d\u2019invention 201130379<br \/>\nBrevet d\u2019invention 200502645<br \/>\nMod\u00e8le d\u2019utilit\u00e9 201330734<br \/>\nMod\u00e8le d\u2019utilit\u00e9 1018893<br \/>\nMod\u00e8le d&#8217;utilit\u00e9 293229<br \/>\nMod\u00e8le d&#8217;utilit\u00e9 261346<br \/>\nMod\u00e8le industriel 126153<br \/>\nMod\u00e8le industriel 158128<br \/>\nMod\u00e8le industriel 158129[\/vc_column_text][vc_empty_space][\/vc_column][\/vc_row][vc_row row_type=&#8221;row&#8221; use_row_as_full_screen_section=&#8221;no&#8221; type=&#8221;full_width&#8221; angled_section=&#8221;no&#8221; text_align=&#8221;left&#8221; background_image_as_pattern=&#8221;without_pattern&#8221; css_animation=&#8221;&#8221;][vc_column][vc_separator type=&#8221;normal&#8221;][\/vc_column][\/vc_row][vc_row row_type=&#8221;row&#8221; use_row_as_full_screen_section=&#8221;no&#8221; type=&#8221;full_width&#8221; angled_section=&#8221;no&#8221; text_align=&#8221;left&#8221; background_image_as_pattern=&#8221;without_pattern&#8221; css_animation=&#8221;&#8221;][vc_column][vc_empty_space][\/vc_column][\/vc_row][vc_row row_type=&#8221;row&#8221; use_row_as_full_screen_section=&#8221;no&#8221; type=&#8221;grid&#8221; angled_section=&#8221;no&#8221; text_align=&#8221;left&#8221; background_image_as_pattern=&#8221;without_pattern&#8221; css_animation=&#8221;&#8221;][vc_column width=&#8221;1\/2&#8243;][vc_column_text]<\/p>\n<h3>SYSTEME D&#8217;ARMOIRES COULISSANTES \u00c0 CH\u00c2SSIS INVISIBLE (S\u00c9RIE \u00c9CLIPSE)<\/h3>\n<p>[\/vc_column_text][vc_separator type=&#8221;small&#8221; position=&#8221;left&#8221;][vc_column_text]Ch\u00e2ssis invisible int\u00e9grant les modules de roues inf\u00e9rieurs et sup\u00e9rieurs.<\/p>\n<p>Avec des panneaux de 19 mm nous pouvons fabriquer :<\/p>\n<ul>\n<li>Portes lisses laqu\u00e9es ou pantographi\u00e9es<\/li>\n<li>Portes \u00e0 chants plaqu\u00e9s.<\/li>\n<li>Portes postform\u00e9es (secteur cuisines).<\/li>\n<li>Portes mixtes compos\u00e9es des panneaux de diff\u00e9rentes finitions et couleurs sans profils horizontaux.<\/li>\n<li>Portes en panneaux maill\u00e9s en relief.<\/li>\n<\/ul>\n<p>[\/vc_column_text][vc_separator type=&#8221;transparent&#8221; up=&#8221;27&#8243; down=&#8221;0&#8243;][vc_row_inner row_type=&#8221;row&#8221; type=&#8221;full_width&#8221; text_align=&#8221;left&#8221; css_animation=&#8221;&#8221;][vc_column_inner width=&#8221;1\/2&#8243;][vc_single_image image=&#8221;17207&#8243; img_size=&#8221;medium&#8221; alignment=&#8221;center&#8221; qode_css_animation=&#8221;&#8221;][\/vc_column_inner][vc_column_inner width=&#8221;1\/2&#8243;][vc_single_image image=&#8221;17208&#8243; img_size=&#8221;145&#215;260&#8243; alignment=&#8221;center&#8221; qode_css_animation=&#8221;&#8221;][vc_empty_space][vc_column_text]Fixation au profil\u00e9 au moyen d\u2019une seule vis.[\/vc_column_text][\/vc_column_inner][\/vc_row_inner][vc_empty_space][\/vc_column][vc_column width=&#8221;1\/2&#8243;][vc_row_inner row_type=&#8221;row&#8221; type=&#8221;full_width&#8221; text_align=&#8221;left&#8221; css_animation=&#8221;&#8221;][vc_column_inner width=&#8221;1\/3&#8243;][vc_single_image image=&#8221;16838&#8243; img_size=&#8221;75&#215;640&#8243; alignment=&#8221;center&#8221; qode_css_animation=&#8221;&#8221;][\/vc_column_inner][vc_column_inner width=&#8221;2\/3&#8243;][vc_column_text]Module sup\u00e9rieur de roues dot\u00e9es de micro-roulements \u00e0 billes encapsul\u00e9es dans un manchon en silicone, pour un glissement sans bruit.[\/vc_column_text][vc_empty_space][vc_column_text]Les ch\u00e2ssis sont fournis avec les roues mont\u00e9es, les inf\u00e9rieures dissimul\u00e9s dans les profil\u00e9s (position de transport). Ils ressortent en actionnant le cylindre dent\u00e9.[\/vc_column_text][vc_empty_space][vc_column_text]Module de roue inf\u00e9rieur avec m\u00e9canisme anti-d\u00e9raillement.<\/p>\n<p>Cylindre dent\u00e9 pour le nivellement et le r\u00e9glage des portes sans outil (il est actionn\u00e9 avec le doigt).<\/p>\n<p>Brosse de nettoyage dans le logement de la roue.<\/p>\n<p>Roulements de pr\u00e9cision.<\/p>\n<p>Les portes se mettent \u00e0 niveau en soulevant l\u00e9g\u00e8rement un des c\u00f4t\u00e9s et en faisant jouer le cylindre dent\u00e9, \u00e0 gauche ou \u00e0 droite, pour monter ou descendre. Agissez de la m\u00eame mani\u00e8re pour l\u2019autre c\u00f4t\u00e9.<\/p>\n<p>En position de repos, le cylindre dent\u00e9 est bloqu\u00e9 par gravit\u00e9, assurant le nivellement.[\/vc_column_text][\/vc_column_inner][\/vc_row_inner][vc_empty_space][\/vc_column][\/vc_row][vc_row row_type=&#8221;row&#8221; use_row_as_full_screen_section=&#8221;no&#8221; type=&#8221;full_width&#8221; angled_section=&#8221;no&#8221; text_align=&#8221;left&#8221; background_image_as_pattern=&#8221;without_pattern&#8221; css_animation=&#8221;&#8221;][vc_column][vc_separator type=&#8221;normal&#8221;][\/vc_column][\/vc_row][vc_row row_type=&#8221;row&#8221; use_row_as_full_screen_section=&#8221;no&#8221; type=&#8221;full_width&#8221; angled_section=&#8221;no&#8221; text_align=&#8221;left&#8221; background_image_as_pattern=&#8221;without_pattern&#8221; css_animation=&#8221;&#8221;][vc_column][vc_empty_space][\/vc_column][\/vc_row][vc_row row_type=&#8221;row&#8221; use_row_as_full_screen_section=&#8221;no&#8221; type=&#8221;full_width&#8221; angled_section=&#8221;no&#8221; text_align=&#8221;left&#8221; background_image_as_pattern=&#8221;without_pattern&#8221; css_animation=&#8221;&#8221;][vc_column width=&#8221;1\/2&#8243;][vc_column_text]<\/p>\n<h3>ROUE PLUS ET OSLO<\/h3>\n<p>[\/vc_column_text][vc_separator type=&#8221;small&#8221; position=&#8221;left&#8221;][vc_column_text]Mise \u00e0 niveau et r\u00e9gulation sans besoin d\u2019outils.<br \/>\nDispositif anti-rotation du pignon de contr\u00f4le avec blocage par gravit\u00e9.<br \/>\nBrosse de nettoyage int\u00e9gr\u00e9e dans le logement de la roue.<br \/>\nRoulement de pr\u00e9cision<br \/>\nM\u00e9canisme anti-d\u00e9raillement.<br \/>\nDispositif anti-rotation du cylindre dent\u00e9 avec blocage par gravit\u00e9.<br \/>\nLes portes se mettent \u00e0 niveau en soulevant l\u00e9g\u00e8rement un c\u00f4t\u00e9 et en actionnant le cylindre dent\u00e9 avec le doigt, \u00e0 gauche ou \u00e0 droite, en fonction de la mont\u00e9e ou de la descente.<br \/>\nEn position de repos, le cylindre dent\u00e9 est bloqu\u00e9 par gravit\u00e9.[\/vc_column_text][vc_empty_space][\/vc_column][vc_column width=&#8221;1\/2&#8243;][vc_row_inner row_type=&#8221;row&#8221; type=&#8221;full_width&#8221; text_align=&#8221;left&#8221; css_animation=&#8221;&#8221;][vc_column_inner width=&#8221;1\/2&#8243;][vc_single_image image=&#8221;16030&#8243; img_size=&#8221;110&#215;383&#8243; alignment=&#8221;center&#8221; qode_css_animation=&#8221;&#8221;][vc_empty_space][\/vc_column_inner][vc_column_inner width=&#8221;1\/2&#8243;][vc_single_image image=&#8221;15950&#8243; img_size=&#8221;251&#215;356&#8243; alignment=&#8221;center&#8221; qode_css_animation=&#8221;&#8221;][vc_empty_space][\/vc_column_inner][\/vc_row_inner][\/vc_column][\/vc_row][vc_row row_type=&#8221;row&#8221; use_row_as_full_screen_section=&#8221;no&#8221; type=&#8221;full_width&#8221; angled_section=&#8221;no&#8221; text_align=&#8221;left&#8221; background_image_as_pattern=&#8221;without_pattern&#8221; css_animation=&#8221;&#8221;][vc_column][vc_separator type=&#8221;normal&#8221;][\/vc_column][\/vc_row][vc_row row_type=&#8221;row&#8221; use_row_as_full_screen_section=&#8221;no&#8221; type=&#8221;full_width&#8221; angled_section=&#8221;no&#8221; text_align=&#8221;left&#8221; background_image_as_pattern=&#8221;without_pattern&#8221; css_animation=&#8221;&#8221;][vc_column][vc_empty_space][\/vc_column][\/vc_row][vc_row row_type=&#8221;row&#8221; use_row_as_full_screen_section=&#8221;no&#8221; type=&#8221;full_width&#8221; angled_section=&#8221;no&#8221; text_align=&#8221;left&#8221; background_image_as_pattern=&#8221;without_pattern&#8221; css_animation=&#8221;&#8221;][vc_column width=&#8221;1\/2&#8243;][vc_row_inner row_type=&#8221;row&#8221; type=&#8221;full_width&#8221; text_align=&#8221;left&#8221; css_animation=&#8221;&#8221;][vc_column_inner width=&#8221;1\/2&#8243;][vc_column_text]<\/p>\n<h3>ROUE ROMA<\/h3>\n<p>[\/vc_column_text][vc_separator type=&#8221;small&#8221; position=&#8221;left&#8221;][vc_column_text]Elle est \u00e9quip\u00e9e de deux brosses de nettoyage int\u00e9gr\u00e9es dans le logement de la roue.<br \/>\nMise \u00e0 niveau sans besoin d\u2019outils.<br \/>\nRoulements de pr\u00e9cision<br \/>\nDispositif anti-rotation du cylindre dent\u00e9 avec blocage par gravit\u00e9.[\/vc_column_text][vc_empty_space][\/vc_column_inner][vc_column_inner width=&#8221;1\/2&#8243;][vc_single_image image=&#8221;16084&#8243; img_size=&#8221;350&#215;200&#8243; alignment=&#8221;center&#8221; qode_css_animation=&#8221;&#8221;][vc_empty_space][\/vc_column_inner][\/vc_row_inner][\/vc_column][vc_column width=&#8221;1\/2&#8243;][vc_row_inner row_type=&#8221;row&#8221; type=&#8221;full_width&#8221; text_align=&#8221;left&#8221; css_animation=&#8221;&#8221;][vc_column_inner width=&#8221;1\/2&#8243;][vc_column_text]Les portes se mettent \u00e0 niveau en soulevant l\u00e9g\u00e8rement un des c\u00f4t\u00e9s et en faisant jouer le cylindre dent\u00e9, \u00e0 gauche ou \u00e0 droite, pour monter ou descendre.<br \/>\nAgissez pour l\u2019autre c\u00f4t\u00e9 de la m\u00eame mani\u00e8re.<br \/>\nEn position de repos, le cylindre dent\u00e9 est bloqu\u00e9 par gravit\u00e9.[\/vc_column_text][vc_empty_space][\/vc_column_inner][vc_column_inner width=&#8221;1\/2&#8243;][vc_single_image image=&#8221;16082&#8243; img_size=&#8221;medium&#8221; alignment=&#8221;center&#8221; qode_css_animation=&#8221;&#8221;][vc_empty_space][\/vc_column_inner][\/vc_row_inner][\/vc_column][\/vc_row][vc_row row_type=&#8221;row&#8221; use_row_as_full_screen_section=&#8221;no&#8221; type=&#8221;full_width&#8221; angled_section=&#8221;no&#8221; text_align=&#8221;left&#8221; background_image_as_pattern=&#8221;without_pattern&#8221; css_animation=&#8221;&#8221;][vc_column][vc_empty_space][\/vc_column][\/vc_row]<\/p>\n","protected":false},"excerpt":{"rendered":"<p>[vc_row row_type=&#8221;row&#8221; use_row_as_full_screen_section=&#8221;no&#8221; type=&#8221;grid&#8221; angled_section=&#8221;no&#8221; text_align=&#8221;center&#8221; background_image_as_pattern=&#8221;without_pattern&#8221; padding_bottom=&#8221;47&#8243; css_animation=&#8221;&#8221;][vc_column][vc_column_text] I+D [\/vc_column_text][vc_separator type=&#8221;small&#8221; position=&#8221;center&#8221; color=&#8221;#f18827&#8243; thickness=&#8221;6&#8243; width=&#8221;52&#8243; up=&#8221;12&#8243; down=&#8221;20&#8243;][vc_column_text] Brevets d\u2019invention DISDOOR [\/vc_column_text][vc_empty_space][\/vc_column][\/vc_row][vc_row row_type=&#8221;row&#8221; use_row_as_full_screen_section=&#8221;no&#8221; type=&#8221;full_width&#8221; angled_section=&#8221;no&#8221; text_align=&#8221;left&#8221; background_image_as_pattern=&#8221;without_pattern&#8221; css_animation=&#8221;&#8221;][vc_column][vc_column_text]Au cours de nos 35 ann\u00e9es d\u2019activit\u00e9, nous avons d\u00e9velopp\u00e9 4 brevets d\u2019invention, ainsi que divers mod\u00e8les&#8230;<\/p>\n","protected":false},"author":1,"featured_media":0,"parent":0,"menu_order":0,"comment_status":"closed","ping_status":"closed","template":"","meta":{"footnotes":""},"class_list":["post-17203","page","type-page","status-publish","hentry"],"yoast_head":"<!-- This site is optimized with the Yoast SEO plugin v18.4.1 - https:\/\/yoast.com\/wordpress\/plugins\/seo\/ -->\n<title>I+D - Disdoor<\/title>\n<meta name=\"description\" content=\"Gracias a la investigaci\u00f3n y el desarrollo hemos podido mejorar el valor a\u00f1adido de nuestra oferta, generar competitividad y lograr ser una marca referente.\" \/>\n<meta name=\"robots\" content=\"index, follow, max-snippet:-1, max-image-preview:large, max-video-preview:-1\" \/>\n<link rel=\"canonical\" href=\"https:\/\/www.disdoor.es\/fr\/id\/\" \/>\n<meta property=\"og:locale\" content=\"fr_FR\" \/>\n<meta property=\"og:type\" content=\"article\" \/>\n<meta property=\"og:title\" content=\"I+D - Disdoor\" \/>\n<meta property=\"og:description\" content=\"Gracias a la investigaci\u00f3n y el desarrollo hemos podido mejorar el valor a\u00f1adido de nuestra oferta, generar competitividad y lograr ser una marca referente.\" \/>\n<meta property=\"og:url\" content=\"https:\/\/www.disdoor.es\/fr\/id\/\" \/>\n<meta property=\"og:site_name\" content=\"Disdoor\" \/>\n<meta property=\"article:modified_time\" content=\"2019-04-22T15:52:36+00:00\" \/>\n<meta name=\"twitter:card\" content=\"summary_large_image\" \/>\n<meta name=\"twitter:label1\" content=\"Est. reading time\" \/>\n\t<meta name=\"twitter:data1\" content=\"7 minutes\" \/>\n<script type=\"application\/ld+json\" class=\"yoast-schema-graph\">{\"@context\":\"https:\/\/schema.org\",\"@graph\":[{\"@type\":\"Organization\",\"@id\":\"https:\/\/www.disdoor.es\/fr\/#organization\",\"name\":\"Disdoor\",\"url\":\"https:\/\/www.disdoor.es\/fr\/\",\"sameAs\":[],\"logo\":{\"@type\":\"ImageObject\",\"@id\":\"https:\/\/www.disdoor.es\/fr\/#logo\",\"inLanguage\":\"fr-FR\",\"url\":\"https:\/\/www.disdoor.es\/wp-content\/uploads\/2017\/10\/logo-disdoor.png\",\"contentUrl\":\"https:\/\/www.disdoor.es\/wp-content\/uploads\/2017\/10\/logo-disdoor.png\",\"width\":198,\"height\":80,\"caption\":\"Disdoor\"},\"image\":{\"@id\":\"https:\/\/www.disdoor.es\/fr\/#logo\"}},{\"@type\":\"WebSite\",\"@id\":\"https:\/\/www.disdoor.es\/fr\/#website\",\"url\":\"https:\/\/www.disdoor.es\/fr\/\",\"name\":\"Disdoor\",\"description\":\"Armarios y puertas plegables\",\"publisher\":{\"@id\":\"https:\/\/www.disdoor.es\/fr\/#organization\"},\"potentialAction\":[{\"@type\":\"SearchAction\",\"target\":{\"@type\":\"EntryPoint\",\"urlTemplate\":\"https:\/\/www.disdoor.es\/fr\/?s={search_term_string}\"},\"query-input\":\"required name=search_term_string\"}],\"inLanguage\":\"fr-FR\"},{\"@type\":\"WebPage\",\"@id\":\"https:\/\/www.disdoor.es\/fr\/id\/#webpage\",\"url\":\"https:\/\/www.disdoor.es\/fr\/id\/\",\"name\":\"I+D - Disdoor\",\"isPartOf\":{\"@id\":\"https:\/\/www.disdoor.es\/fr\/#website\"},\"datePublished\":\"2017-10-17T11:49:35+00:00\",\"dateModified\":\"2019-04-22T15:52:36+00:00\",\"description\":\"Gracias a la investigaci\u00f3n y el desarrollo hemos podido mejorar el valor a\u00f1adido de nuestra oferta, generar competitividad y lograr ser una marca referente.\",\"breadcrumb\":{\"@id\":\"https:\/\/www.disdoor.es\/fr\/id\/#breadcrumb\"},\"inLanguage\":\"fr-FR\",\"potentialAction\":[{\"@type\":\"ReadAction\",\"target\":[\"https:\/\/www.disdoor.es\/fr\/id\/\"]}]},{\"@type\":\"BreadcrumbList\",\"@id\":\"https:\/\/www.disdoor.es\/fr\/id\/#breadcrumb\",\"itemListElement\":[{\"@type\":\"ListItem\",\"position\":1,\"name\":\"Portada\",\"item\":\"https:\/\/www.disdoor.es\/fr\/\"},{\"@type\":\"ListItem\",\"position\":2,\"name\":\"I+D\"}]}]}<\/script>\n<!-- \/ Yoast SEO plugin. -->","yoast_head_json":{"title":"I+D - Disdoor","description":"Gracias a la investigaci\u00f3n y el desarrollo hemos podido mejorar el valor a\u00f1adido de nuestra oferta, generar competitividad y lograr ser una marca referente.","robots":{"index":"index","follow":"follow","max-snippet":"max-snippet:-1","max-image-preview":"max-image-preview:large","max-video-preview":"max-video-preview:-1"},"canonical":"https:\/\/www.disdoor.es\/fr\/id\/","og_locale":"fr_FR","og_type":"article","og_title":"I+D - Disdoor","og_description":"Gracias a la investigaci\u00f3n y el desarrollo hemos podido mejorar el valor a\u00f1adido de nuestra oferta, generar competitividad y lograr ser una marca referente.","og_url":"https:\/\/www.disdoor.es\/fr\/id\/","og_site_name":"Disdoor","article_modified_time":"2019-04-22T15:52:36+00:00","twitter_card":"summary_large_image","twitter_misc":{"Est. reading time":"7 minutes"},"schema":{"@context":"https:\/\/schema.org","@graph":[{"@type":"Organization","@id":"https:\/\/www.disdoor.es\/fr\/#organization","name":"Disdoor","url":"https:\/\/www.disdoor.es\/fr\/","sameAs":[],"logo":{"@type":"ImageObject","@id":"https:\/\/www.disdoor.es\/fr\/#logo","inLanguage":"fr-FR","url":"https:\/\/www.disdoor.es\/wp-content\/uploads\/2017\/10\/logo-disdoor.png","contentUrl":"https:\/\/www.disdoor.es\/wp-content\/uploads\/2017\/10\/logo-disdoor.png","width":198,"height":80,"caption":"Disdoor"},"image":{"@id":"https:\/\/www.disdoor.es\/fr\/#logo"}},{"@type":"WebSite","@id":"https:\/\/www.disdoor.es\/fr\/#website","url":"https:\/\/www.disdoor.es\/fr\/","name":"Disdoor","description":"Armarios y puertas plegables","publisher":{"@id":"https:\/\/www.disdoor.es\/fr\/#organization"},"potentialAction":[{"@type":"SearchAction","target":{"@type":"EntryPoint","urlTemplate":"https:\/\/www.disdoor.es\/fr\/?s={search_term_string}"},"query-input":"required name=search_term_string"}],"inLanguage":"fr-FR"},{"@type":"WebPage","@id":"https:\/\/www.disdoor.es\/fr\/id\/#webpage","url":"https:\/\/www.disdoor.es\/fr\/id\/","name":"I+D - Disdoor","isPartOf":{"@id":"https:\/\/www.disdoor.es\/fr\/#website"},"datePublished":"2017-10-17T11:49:35+00:00","dateModified":"2019-04-22T15:52:36+00:00","description":"Gracias a la investigaci\u00f3n y el desarrollo hemos podido mejorar el valor a\u00f1adido de nuestra oferta, generar competitividad y lograr ser una marca referente.","breadcrumb":{"@id":"https:\/\/www.disdoor.es\/fr\/id\/#breadcrumb"},"inLanguage":"fr-FR","potentialAction":[{"@type":"ReadAction","target":["https:\/\/www.disdoor.es\/fr\/id\/"]}]},{"@type":"BreadcrumbList","@id":"https:\/\/www.disdoor.es\/fr\/id\/#breadcrumb","itemListElement":[{"@type":"ListItem","position":1,"name":"Portada","item":"https:\/\/www.disdoor.es\/fr\/"},{"@type":"ListItem","position":2,"name":"I+D"}]}]}},"_links":{"self":[{"href":"https:\/\/www.disdoor.es\/fr\/wp-json\/wp\/v2\/pages\/17203","targetHints":{"allow":["GET"]}}],"collection":[{"href":"https:\/\/www.disdoor.es\/fr\/wp-json\/wp\/v2\/pages"}],"about":[{"href":"https:\/\/www.disdoor.es\/fr\/wp-json\/wp\/v2\/types\/page"}],"author":[{"embeddable":true,"href":"https:\/\/www.disdoor.es\/fr\/wp-json\/wp\/v2\/users\/1"}],"replies":[{"embeddable":true,"href":"https:\/\/www.disdoor.es\/fr\/wp-json\/wp\/v2\/comments?post=17203"}],"version-history":[{"count":4,"href":"https:\/\/www.disdoor.es\/fr\/wp-json\/wp\/v2\/pages\/17203\/revisions"}],"predecessor-version":[{"id":17220,"href":"https:\/\/www.disdoor.es\/fr\/wp-json\/wp\/v2\/pages\/17203\/revisions\/17220"}],"wp:attachment":[{"href":"https:\/\/www.disdoor.es\/fr\/wp-json\/wp\/v2\/media?parent=17203"}],"curies":[{"name":"wp","href":"https:\/\/api.w.org\/{rel}","templated":true}]}}