{"id":17180,"date":"2018-09-14T07:33:56","date_gmt":"2018-09-14T07:33:56","guid":{"rendered":"https:\/\/www.disdoor.es\/politica-de-cookies\/"},"modified":"2019-04-22T15:13:06","modified_gmt":"2019-04-22T15:13:06","slug":"politique-de-cookies","status":"publish","type":"page","link":"https:\/\/www.disdoor.es\/fr\/politique-de-cookies\/","title":{"rendered":"Pol\u00edtique de Cookies"},"content":{"rendered":"<p>[vc_row row_type=&#8221;row&#8221; use_row_as_full_screen_section=&#8221;no&#8221; type=&#8221;full_width&#8221; angled_section=&#8221;no&#8221; text_align=&#8221;left&#8221; background_image_as_pattern=&#8221;without_pattern&#8221; css_animation=&#8221;&#8221;][vc_column][vc_column_text]<\/p>\n<h2>POLITIQUE DE COOKIES<\/h2>\n<p>[\/vc_column_text][vc_empty_space][vc_column_text el_class=&#8221;borde&#8221;]<\/p>\n<div id=\"clickdatos\">\n<p>Notre site Web <u>https:\/\/www.disdoor.es,<\/u> utilise des cookies pour faciliter la relation des visiteurs avec notre contenu et pour nous permettre de compiler des statistiques sur les visites que nous recevons. Conform\u00e9ment \u00e0 la directive 2009\/136 \/ CE, d\u00e9velopp\u00e9e dans notre r\u00e8glementation au deuxi\u00e8me paragraphe de l\u2019article 22 de la loi sur les services de la soci\u00e9t\u00e9 de l\u2019information, conform\u00e9ment aux directives de l\u2019Agence espagnole de protection des donn\u00e9es, nous vous informons en d\u00e9tail de l\u2019utilisation qui en est faite sur notre site web.<\/p>\n<p>Les cookies sont des petits fichiers que le navigateur utilis\u00e9 par chaque visiteur de notre site Web enregistre afin que le serveur puisse se souvenir de la visite de cet utilisateur ult\u00e9rieurement, lorsqu&#8217;il reviendra acc\u00e9der \u00e0 notre contenu. Ces informations ne r\u00e9v\u00e8lent ni votre identit\u00e9, ni vos donn\u00e9es personnelles, ni l\u2019acc\u00e8s au contenu stock\u00e9 sur votre ordinateur, mais permettent \u00e0 notre syst\u00e8me de vous identifier en tant qu\u2019utilisateur sp\u00e9cifique ayant d\u00e9j\u00e0 visit\u00e9 le Web, consult\u00e9 certaines pages, etc., et vous permet \u00e9galement de sauvegarder vos pr\u00e9f\u00e9rences personnelles et des informations techniques telles que des visites effectu\u00e9es ou des pages sp\u00e9cifiques que vous visitez.<\/p>\n<p>Les cookies ont pour objectif de fournir \u00e0 l\u2019utilisateur un acc\u00e8s plus rapide aux services s\u00e9lectionn\u00e9s.<\/p>\n<p>Si vous ne souhaitez pas que les cookies soient enregistr\u00e9s dans votre navigateur ou pr\u00e9f\u00e9rez recevoir des informations chaque fois qu\u2019un cookie est install\u00e9, vous pouvez configurer vos options de navigation dans ce but. La plupart des navigateurs permettent la gestion des cookies de 3 mani\u00e8res diff\u00e9rentes :<\/p>\n<ul>\n<li>Les cookies sont toujours refus\u00e9s ;<\/li>\n<li>Le navigateur demande si l\u2019utilisateur souhaite installer chaque cookie ;<\/li>\n<li>Les cookies sont toujours accept\u00e9s ;<\/li>\n<\/ul>\n<p>Votre navigateur peut \u00e9galement inclure la possibilit\u00e9 de s\u00e9lectionner en d\u00e9tail les cookies que vous souhaitez installer sur votre ordinateur. En particulier, l\u2019utilisateur peut g\u00e9n\u00e9ralement accepter l\u2019une des options suivantes :<\/p>\n<ul>\n<li>Refuser les cookies de certains domaines ;<\/li>\n<li>Rejeter les cookies de tiers ;<\/li>\n<li>Accepter les cookies comme non persistants (ils sont supprim\u00e9s \u00e0 la fermeture du navigateur) ;<\/li>\n<li>Autoriser le serveur \u00e0 cr\u00e9er des cookies pour un domaine diff\u00e9rent.<\/li>\n<\/ul>\n<p><strong>Para Pour autoriser, conna\u00eetre, bloquer ou \u00e9liminer les cookies install\u00e9s sur votre ordinateur, vous pouvez le faire en configurant les options du navigateur install\u00e9es sur votre ordinateur.<br \/>\n<\/strong><strong>Vous pouvez trouver des informations sur la configuration des navigateurs les plus utilis\u00e9s aux emplacements suivants <\/strong><strong>:<\/strong><\/p>\n<ul>\n<li><strong>Internet Explorer <\/strong><strong>:<\/strong> Outils -&gt; Options Internet -&gt; Confidentialit\u00e9 -&gt; Configuration. Pour plus d\u2019informations, vous pouvez consulter le support technique Microsoft ou l\u2019aide du navigateur.<\/li>\n<li><strong>Firefox :<\/strong> Outils -&gt; Options -&gt; Confidentialit\u00e9 -&gt; Historique -&gt; Param\u00e8tres personnalis\u00e9s. Pour plus d\u2019informations, vous pouvez consulter l\u2019assistance de Mozilla ou l\u2019aide du navigateur<\/li>\n<li><strong>Chrome :<\/strong> Param\u00e8tres -&gt; Afficher les options avanc\u00e9es -&gt; Confidentialit\u00e9 -&gt; Param\u00e8tres de contenu. Pour plus d\u2019informations, vous pouvez consulter l\u2019assistance de Google ou l\u2019aide du navigateur.<\/li>\n<li><strong>Safari :<\/strong> Pr\u00e9f\u00e9rences -&gt; S\u00e9curit\u00e9. Pour plus d\u2019informations, vous pouvez consulter l\u2019assistance Apple ou l\u2019aide du navigateur.<\/li>\n<\/ul>\n<p>En ce qui concerne les cookies de tiers, c\u2019est-\u00e0-dire ceux qui sont \u00e9trangers \u00e0 notre site Web, nous ne pouvons \u00eatre tenus responsables du contenu et de la v\u00e9racit\u00e9 de leur politique de confidentialit\u00e9, de sorte que les informations que nous proposons font toujours r\u00e9f\u00e9rence \u00e0 la source.<\/p>\n<p>Ci-dessous, nous vous informons en d\u00e9tail des cookies qui peuvent \u00eatre install\u00e9s \u00e0 partir de notre site Web. Selon votre navigation, vous pourrez tous les installer ou seulement le faire pour une partie d\u2019entre eux.<\/p>\n<p>&nbsp;<\/p>\n<table>\n<tbody>\n<tr>\n<td>Nom<\/td>\n<td>Cat\u00e9gorie<\/td>\n<td width=\"136\">Description<\/td>\n<td width=\"76\">Propri\u00e9t\u00e9<\/td>\n<td>Dur\u00e9e<\/td>\n<\/tr>\n<tr>\n<td>wordpress_<\/td>\n<td>Fonctionnalit\u00e9<\/td>\n<td width=\"136\">Il est activ\u00e9 lors de la connexion et enregistre les d\u00e9tails de l\u2019authentification.<\/td>\n<td width=\"76\">Propre<\/td>\n<td>1 an<\/td>\n<\/tr>\n<tr>\n<td>wordpress_logged_in_<\/td>\n<td>Fonctionnalit\u00e9<\/td>\n<td width=\"136\">Il est activ\u00e9 lors de la connexion et enregistre les d\u00e9tails de l\u2019authentification.<\/td>\n<td width=\"76\">Propre<\/td>\n<td>1 an<\/td>\n<\/tr>\n<tr>\n<td>wordpress_test_cookie<\/td>\n<td>Fonctionnalit\u00e9<\/td>\n<td width=\"136\">Il est activ\u00e9 lors de la connexion et enregistre les d\u00e9tails de l\u2019authentification.<\/td>\n<td width=\"76\">Propre<\/td>\n<td>1 an<\/td>\n<\/tr>\n<tr>\n<td>wp-settings-<\/td>\n<td>Fonctionnalit\u00e9<\/td>\n<td width=\"136\">Il sert \u00e0 personnaliser l\u2019interface utilisateur.<\/td>\n<td width=\"76\">Propre<\/td>\n<td>1 an<\/td>\n<\/tr>\n<tr>\n<td>wp-settings-time-<\/td>\n<td>Fonctionnalit\u00e9<\/td>\n<td width=\"136\">Il sert \u00e0 personnaliser l\u2019interface utilisateur.<\/td>\n<td width=\"76\">Propre<\/td>\n<td>Fin de la session<\/td>\n<\/tr>\n<tr>\n<td>_utma<\/td>\n<td>Analyse<\/td>\n<td width=\"136\">Il est utilis\u00e9 pour distinguer les utilisateurs et les sessions.<\/td>\n<td width=\"76\">Tiers<\/td>\n<td>2 ans<\/td>\n<\/tr>\n<tr>\n<td>_utmc<\/td>\n<td>Analyse<\/td>\n<td width=\"136\">Il n\u2019est pas utilis\u00e9 dans ga.js. Il est configur\u00e9 pour interagir avec urchin.js.<\/td>\n<td width=\"76\">Tiers<\/td>\n<td>Fin de la session<\/td>\n<\/tr>\n<tr>\n<td>_utmz<\/td>\n<td>Analyse<\/td>\n<td width=\"136\">Il enregistre la source du trafic ou la campagne qui explique comment l\u2019utilisateur est arriv\u00e9<\/td>\n<td width=\"76\">Tiers<\/td>\n<td>6 mois<\/td>\n<\/tr>\n<tr>\n<td>wp-saving-post<\/td>\n<td>Fonctionnalit\u00e9<\/td>\n<td width=\"136\">Nous ne connaissons pas l\u2019origine du cookie<\/td>\n<td width=\"76\">Tiers<\/td>\n<td>Nous ne connaissons pas l\u2019origine du cookie<\/td>\n<\/tr>\n<tr>\n<td>__utma<\/td>\n<td>Fonctionnalit\u00e9<\/td>\n<td width=\"136\">Nous ne connaissons pas l\u2019origine du cookie<\/td>\n<td width=\"76\">Tiers<\/td>\n<td>Nous ne connaissons pas l\u2019origine du cookie<\/td>\n<\/tr>\n<tr>\n<td>__utmz<\/td>\n<td>Fonctionnalit\u00e9<\/td>\n<td width=\"136\">Nous ne connaissons pas l\u2019origine du cookie<\/td>\n<td width=\"76\">Tiers<\/td>\n<td>Nous ne connaissons pas l\u2019origine du cookie<\/td>\n<\/tr>\n<tr>\n<td>__hstc<\/td>\n<td>Fonctionnalit\u00e9<\/td>\n<td width=\"136\">Nous ne connaissons pas l\u2019origine du cookie<\/td>\n<td width=\"76\">Tiers<\/td>\n<td>Nous ne connaissons pas l\u2019origine du cookie<\/td>\n<\/tr>\n<tr>\n<td>hubspotutk<\/td>\n<td>Fonctionnalit\u00e9<\/td>\n<td width=\"136\">Nous ne connaissons pas l\u2019origine du cookie<\/td>\n<td width=\"76\">Tiers<\/td>\n<td>Nous ne connaissons pas l\u2019origine du cookie<\/td>\n<\/tr>\n<tr>\n<td>_ym_uid<\/td>\n<td>Fonctionnalit\u00e9<\/td>\n<td width=\"136\">Nous ne connaissons pas l\u2019origine du cookie<\/td>\n<td width=\"76\">Tiers<\/td>\n<td>Nous ne connaissons pas l\u2019origine du cookie<\/td>\n<\/tr>\n<tr>\n<td>_ym_d<\/td>\n<td>Fonctionnalit\u00e9<\/td>\n<td width=\"136\">Nous ne connaissons pas l\u2019origine du cookie<\/td>\n<td width=\"76\">Tiers<\/td>\n<td>Nous ne connaissons pas l\u2019origine du cookie<\/td>\n<\/tr>\n<tr>\n<td>__qca<\/td>\n<td>Fonctionnalit\u00e9<\/td>\n<td width=\"136\">Nous ne connaissons pas l\u2019origine du cookie<\/td>\n<td width=\"76\">Tiers<\/td>\n<td>Nous ne connaissons pas l\u2019origine du cookie<\/td>\n<\/tr>\n<tr>\n<td>__utmc<\/td>\n<td>Fonctionnalit\u00e9<\/td>\n<td width=\"136\">Nous ne connaissons pas l\u2019origine du cookie<\/td>\n<td width=\"76\">Tiers<\/td>\n<td>Nous ne connaissons pas l\u2019origine du cookie<\/td>\n<\/tr>\n<tr>\n<td>__hssrc<\/td>\n<td>Fonctionnalit\u00e9<\/td>\n<td width=\"136\">Nous ne connaissons pas l\u2019origine du cookie<\/td>\n<td width=\"76\">Tiers<\/td>\n<td>Nous ne connaissons pas l\u2019origine du cookie<\/td>\n<\/tr>\n<\/tbody>\n<\/table>\n<p>&nbsp;<\/p>\n<p>Cette politique de cookies peut \u00eatre modifi\u00e9e conform\u00e9ment aux exigences l\u00e9gislatives ou r\u00e9glementaires, ou dans le but d\u2019adapter cette politique aux instructions de l\u2019Agence espagnole de protection des donn\u00e9es. Par cons\u00e9quent, il est conseill\u00e9 aux utilisateurs de la consulter p\u00e9riodiquement.<\/p>\n<p>Lorsque des modifications importantes seront apport\u00e9es \u00e0 la pr\u00e9sente politique de cookies, les utilisateurs en seront inform\u00e9s \u00e0 travers le site Web ou par courrier \u00e9lectronique pour les utilisateurs enregistr\u00e9s.<\/p>\n<\/div>\n<p>[\/vc_column_text][vc_empty_space][\/vc_column][\/vc_row]<\/p>\n","protected":false},"excerpt":{"rendered":"<p>[vc_row row_type=&#8221;row&#8221; use_row_as_full_screen_section=&#8221;no&#8221; type=&#8221;full_width&#8221; angled_section=&#8221;no&#8221; text_align=&#8221;left&#8221; background_image_as_pattern=&#8221;without_pattern&#8221; css_animation=&#8221;&#8221;][vc_column][vc_column_text] POLITIQUE DE COOKIES [\/vc_column_text][vc_empty_space][vc_column_text el_class=&#8221;borde&#8221;] Notre site Web https:\/\/www.disdoor.es, utilise des cookies pour faciliter la relation des visiteurs avec notre contenu et pour nous permettre de compiler des statistiques sur les visites que nous recevons. Conform\u00e9ment \u00e0&#8230;<\/p>\n","protected":false},"author":1,"featured_media":0,"parent":0,"menu_order":0,"comment_status":"closed","ping_status":"closed","template":"","meta":{"footnotes":""},"class_list":["post-17180","page","type-page","status-publish","hentry"],"yoast_head":"<!-- This site is optimized with the Yoast SEO plugin v18.4.1 - https:\/\/yoast.com\/wordpress\/plugins\/seo\/ -->\n<title>Pol\u00edtique de Cookies - Disdoor<\/title>\n<meta name=\"robots\" content=\"index, follow, max-snippet:-1, max-image-preview:large, max-video-preview:-1\" \/>\n<link rel=\"canonical\" href=\"https:\/\/www.disdoor.es\/fr\/politique-de-cookies\/\" \/>\n<meta property=\"og:locale\" content=\"fr_FR\" \/>\n<meta property=\"og:type\" content=\"article\" \/>\n<meta property=\"og:title\" content=\"Pol\u00edtique de Cookies - Disdoor\" \/>\n<meta property=\"og:description\" content=\"[vc_row row_type=&#8221;row&#8221; use_row_as_full_screen_section=&#8221;no&#8221; type=&#8221;full_width&#8221; angled_section=&#8221;no&#8221; text_align=&#8221;left&#8221; background_image_as_pattern=&#8221;without_pattern&#8221; css_animation=&#8221;&#8221;][vc_column][vc_column_text] POLITIQUE DE COOKIES [\/vc_column_text][vc_empty_space][vc_column_text el_class=&#8221;borde&#8221;] Notre site Web https:\/\/www.disdoor.es, utilise des cookies pour faciliter la relation des visiteurs avec notre contenu et pour nous permettre de compiler des statistiques sur les visites que nous recevons. Conform\u00e9ment \u00e0...\" \/>\n<meta property=\"og:url\" content=\"https:\/\/www.disdoor.es\/fr\/politique-de-cookies\/\" \/>\n<meta property=\"og:site_name\" content=\"Disdoor\" \/>\n<meta property=\"article:modified_time\" content=\"2019-04-22T15:13:06+00:00\" \/>\n<meta name=\"twitter:card\" content=\"summary_large_image\" \/>\n<meta name=\"twitter:label1\" content=\"Est. reading time\" \/>\n\t<meta name=\"twitter:data1\" content=\"6 minutes\" \/>\n<script type=\"application\/ld+json\" class=\"yoast-schema-graph\">{\"@context\":\"https:\/\/schema.org\",\"@graph\":[{\"@type\":\"Organization\",\"@id\":\"https:\/\/www.disdoor.es\/fr\/#organization\",\"name\":\"Disdoor\",\"url\":\"https:\/\/www.disdoor.es\/fr\/\",\"sameAs\":[],\"logo\":{\"@type\":\"ImageObject\",\"@id\":\"https:\/\/www.disdoor.es\/fr\/#logo\",\"inLanguage\":\"fr-FR\",\"url\":\"https:\/\/www.disdoor.es\/wp-content\/uploads\/2017\/10\/logo-disdoor.png\",\"contentUrl\":\"https:\/\/www.disdoor.es\/wp-content\/uploads\/2017\/10\/logo-disdoor.png\",\"width\":198,\"height\":80,\"caption\":\"Disdoor\"},\"image\":{\"@id\":\"https:\/\/www.disdoor.es\/fr\/#logo\"}},{\"@type\":\"WebSite\",\"@id\":\"https:\/\/www.disdoor.es\/fr\/#website\",\"url\":\"https:\/\/www.disdoor.es\/fr\/\",\"name\":\"Disdoor\",\"description\":\"Armarios y puertas plegables\",\"publisher\":{\"@id\":\"https:\/\/www.disdoor.es\/fr\/#organization\"},\"potentialAction\":[{\"@type\":\"SearchAction\",\"target\":{\"@type\":\"EntryPoint\",\"urlTemplate\":\"https:\/\/www.disdoor.es\/fr\/?s={search_term_string}\"},\"query-input\":\"required name=search_term_string\"}],\"inLanguage\":\"fr-FR\"},{\"@type\":\"WebPage\",\"@id\":\"https:\/\/www.disdoor.es\/fr\/politique-de-cookies\/#webpage\",\"url\":\"https:\/\/www.disdoor.es\/fr\/politique-de-cookies\/\",\"name\":\"Pol\u00edtique de Cookies - Disdoor\",\"isPartOf\":{\"@id\":\"https:\/\/www.disdoor.es\/fr\/#website\"},\"datePublished\":\"2018-09-14T07:33:56+00:00\",\"dateModified\":\"2019-04-22T15:13:06+00:00\",\"breadcrumb\":{\"@id\":\"https:\/\/www.disdoor.es\/fr\/politique-de-cookies\/#breadcrumb\"},\"inLanguage\":\"fr-FR\",\"potentialAction\":[{\"@type\":\"ReadAction\",\"target\":[\"https:\/\/www.disdoor.es\/fr\/politique-de-cookies\/\"]}]},{\"@type\":\"BreadcrumbList\",\"@id\":\"https:\/\/www.disdoor.es\/fr\/politique-de-cookies\/#breadcrumb\",\"itemListElement\":[{\"@type\":\"ListItem\",\"position\":1,\"name\":\"Portada\",\"item\":\"https:\/\/www.disdoor.es\/fr\/\"},{\"@type\":\"ListItem\",\"position\":2,\"name\":\"Pol\u00edtique de Cookies\"}]}]}<\/script>\n<!-- \/ Yoast SEO plugin. -->","yoast_head_json":{"title":"Pol\u00edtique de Cookies - Disdoor","robots":{"index":"index","follow":"follow","max-snippet":"max-snippet:-1","max-image-preview":"max-image-preview:large","max-video-preview":"max-video-preview:-1"},"canonical":"https:\/\/www.disdoor.es\/fr\/politique-de-cookies\/","og_locale":"fr_FR","og_type":"article","og_title":"Pol\u00edtique de Cookies - Disdoor","og_description":"[vc_row row_type=&#8221;row&#8221; use_row_as_full_screen_section=&#8221;no&#8221; type=&#8221;full_width&#8221; angled_section=&#8221;no&#8221; text_align=&#8221;left&#8221; background_image_as_pattern=&#8221;without_pattern&#8221; css_animation=&#8221;&#8221;][vc_column][vc_column_text] POLITIQUE DE COOKIES [\/vc_column_text][vc_empty_space][vc_column_text el_class=&#8221;borde&#8221;] Notre site Web https:\/\/www.disdoor.es, utilise des cookies pour faciliter la relation des visiteurs avec notre contenu et pour nous permettre de compiler des statistiques sur les visites que nous recevons. Conform\u00e9ment \u00e0...","og_url":"https:\/\/www.disdoor.es\/fr\/politique-de-cookies\/","og_site_name":"Disdoor","article_modified_time":"2019-04-22T15:13:06+00:00","twitter_card":"summary_large_image","twitter_misc":{"Est. reading time":"6 minutes"},"schema":{"@context":"https:\/\/schema.org","@graph":[{"@type":"Organization","@id":"https:\/\/www.disdoor.es\/fr\/#organization","name":"Disdoor","url":"https:\/\/www.disdoor.es\/fr\/","sameAs":[],"logo":{"@type":"ImageObject","@id":"https:\/\/www.disdoor.es\/fr\/#logo","inLanguage":"fr-FR","url":"https:\/\/www.disdoor.es\/wp-content\/uploads\/2017\/10\/logo-disdoor.png","contentUrl":"https:\/\/www.disdoor.es\/wp-content\/uploads\/2017\/10\/logo-disdoor.png","width":198,"height":80,"caption":"Disdoor"},"image":{"@id":"https:\/\/www.disdoor.es\/fr\/#logo"}},{"@type":"WebSite","@id":"https:\/\/www.disdoor.es\/fr\/#website","url":"https:\/\/www.disdoor.es\/fr\/","name":"Disdoor","description":"Armarios y puertas plegables","publisher":{"@id":"https:\/\/www.disdoor.es\/fr\/#organization"},"potentialAction":[{"@type":"SearchAction","target":{"@type":"EntryPoint","urlTemplate":"https:\/\/www.disdoor.es\/fr\/?s={search_term_string}"},"query-input":"required name=search_term_string"}],"inLanguage":"fr-FR"},{"@type":"WebPage","@id":"https:\/\/www.disdoor.es\/fr\/politique-de-cookies\/#webpage","url":"https:\/\/www.disdoor.es\/fr\/politique-de-cookies\/","name":"Pol\u00edtique de Cookies - Disdoor","isPartOf":{"@id":"https:\/\/www.disdoor.es\/fr\/#website"},"datePublished":"2018-09-14T07:33:56+00:00","dateModified":"2019-04-22T15:13:06+00:00","breadcrumb":{"@id":"https:\/\/www.disdoor.es\/fr\/politique-de-cookies\/#breadcrumb"},"inLanguage":"fr-FR","potentialAction":[{"@type":"ReadAction","target":["https:\/\/www.disdoor.es\/fr\/politique-de-cookies\/"]}]},{"@type":"BreadcrumbList","@id":"https:\/\/www.disdoor.es\/fr\/politique-de-cookies\/#breadcrumb","itemListElement":[{"@type":"ListItem","position":1,"name":"Portada","item":"https:\/\/www.disdoor.es\/fr\/"},{"@type":"ListItem","position":2,"name":"Pol\u00edtique de Cookies"}]}]}},"_links":{"self":[{"href":"https:\/\/www.disdoor.es\/fr\/wp-json\/wp\/v2\/pages\/17180","targetHints":{"allow":["GET"]}}],"collection":[{"href":"https:\/\/www.disdoor.es\/fr\/wp-json\/wp\/v2\/pages"}],"about":[{"href":"https:\/\/www.disdoor.es\/fr\/wp-json\/wp\/v2\/types\/page"}],"author":[{"embeddable":true,"href":"https:\/\/www.disdoor.es\/fr\/wp-json\/wp\/v2\/users\/1"}],"replies":[{"embeddable":true,"href":"https:\/\/www.disdoor.es\/fr\/wp-json\/wp\/v2\/comments?post=17180"}],"version-history":[{"count":3,"href":"https:\/\/www.disdoor.es\/fr\/wp-json\/wp\/v2\/pages\/17180\/revisions"}],"predecessor-version":[{"id":17194,"href":"https:\/\/www.disdoor.es\/fr\/wp-json\/wp\/v2\/pages\/17180\/revisions\/17194"}],"wp:attachment":[{"href":"https:\/\/www.disdoor.es\/fr\/wp-json\/wp\/v2\/media?parent=17180"}],"curies":[{"name":"wp","href":"https:\/\/api.w.org\/{rel}","templated":true}]}}